{"id":9814,"date":"2021-08-30T17:10:41","date_gmt":"2021-08-30T15:10:41","guid":{"rendered":"https:\/\/www.novaszkolatanca.pl\/krakow\/?post_type=product&#038;p=9814"},"modified":"2025-08-21T16:46:47","modified_gmt":"2025-08-21T14:46:47","slug":"mloda-para","status":"publish","type":"product","link":"https:\/\/www.novaszkolatanca.pl\/krakow\/product\/mloda-para","title":{"rendered":"M\u0142oda Para"},"content":{"rendered":"","protected":false},"excerpt":{"rendered":"<p>Przed wykupieniem karnetu<strong> konieczne<\/strong> jest dokonanie zapisu na wybrany kurs.<\/p>\n<p>Zapisz si\u0119 tutaj:<\/p>\n<p>https:\/\/www.novaszkolatanca.pl\/krakow\/zapisy<\/p>\n<p>Kurs stacjonarny  7 x 60 min<br \/>\nKaucja Karty Partnerskie<\/p>\n<p><strong>Nie p\u0142a\u0107 dok\u0105d nie dostaniesz informacji o dost\u0119pnych miejscach<\/strong><\/p>\n<p>&nbsp;<\/p>\n","protected":false},"featured_media":9893,"comment_status":"closed","ping_status":"closed","template":"","meta":{"spay_email":""},"product_cat":[97],"product_tag":[],"acf":[],"yoast_head":"<!-- This site is optimized with the Yoast SEO plugin v18.2 - https:\/\/yoast.com\/wordpress\/plugins\/seo\/ -->\n<title>M\u0142oda Para - Kurs ta\u0144ca Krak\u00f3w | novaszkolatanca.pl\/krakow\/<\/title>\n<meta name=\"robots\" content=\"index, follow, max-snippet:-1, max-image-preview:large, max-video-preview:-1\" \/>\n<link rel=\"canonical\" href=\"https:\/\/www.novaszkolatanca.pl\/krakow\/product\/mloda-para\" \/>\n<meta property=\"og:locale\" content=\"pl_PL\" \/>\n<meta property=\"og:type\" content=\"article\" \/>\n<meta property=\"og:title\" content=\"M\u0142oda Para - Kurs ta\u0144ca Krak\u00f3w | novaszkolatanca.pl\/krakow\/\" \/>\n<meta property=\"og:description\" content=\"Przed wykupieniem karnetu konieczne jest dokonanie zapisu na wybrany kurs.  Zapisz si\u0119 tutaj:  https:\/\/www.novaszkolatanca.pl\/krakow\/zapisy  Kurs stacjonarny 7 x 60 min Kaucja Karty Partnerskie  Nie p\u0142a\u0107 dok\u0105d nie dostaniesz informacji o dost\u0119pnych miejscach  &nbsp;\" \/>\n<meta property=\"og:url\" content=\"https:\/\/www.novaszkolatanca.pl\/krakow\/product\/mloda-para\" \/>\n<meta property=\"og:site_name\" content=\"Kurs ta\u0144ca Krak\u00f3w | novaszkolatanca.pl\/krakow\/\" \/>\n<meta property=\"article:modified_time\" content=\"2025-08-21T14:46:47+00:00\" \/>\n<meta property=\"og:image\" content=\"https:\/\/www.novaszkolatanca.pl\/krakow\/wp-content\/uploads\/2021\/08\/Mloda-Para.png\" \/>\n\t<meta property=\"og:image:width\" content=\"3456\" \/>\n\t<meta property=\"og:image:height\" content=\"2304\" \/>\n\t<meta property=\"og:image:type\" content=\"image\/png\" \/>\n<meta name=\"twitter:card\" content=\"summary\" \/>\n<script type=\"application\/ld+json\" class=\"yoast-schema-graph\">{\"@context\":\"https:\/\/schema.org\",\"@graph\":[{\"@type\":\"WebSite\",\"@id\":\"https:\/\/www.novaszkolatanca.pl\/krakow\/#website\",\"url\":\"https:\/\/www.novaszkolatanca.pl\/krakow\/\",\"name\":\"Kurs ta\u0144ca Krak\u00f3w | novaszkolatanca.pl\/krakow\/\",\"description\":\"Szko\u0142a ta\u0144ca z oddzia\u0142ami w Krakowie i Katowicach.\",\"potentialAction\":[{\"@type\":\"SearchAction\",\"target\":{\"@type\":\"EntryPoint\",\"urlTemplate\":\"https:\/\/www.novaszkolatanca.pl\/krakow\/?s={search_term_string}\"},\"query-input\":\"required name=search_term_string\"}],\"inLanguage\":\"pl-PL\"},{\"@type\":\"ImageObject\",\"@id\":\"https:\/\/www.novaszkolatanca.pl\/krakow\/product\/mloda-para#primaryimage\",\"inLanguage\":\"pl-PL\",\"url\":\"https:\/\/www.novaszkolatanca.pl\/krakow\/wp-content\/uploads\/2021\/08\/Mloda-Para.png\",\"contentUrl\":\"https:\/\/www.novaszkolatanca.pl\/krakow\/wp-content\/uploads\/2021\/08\/Mloda-Para.png\",\"width\":3456,\"height\":2304},{\"@type\":\"WebPage\",\"@id\":\"https:\/\/www.novaszkolatanca.pl\/krakow\/product\/mloda-para#webpage\",\"url\":\"https:\/\/www.novaszkolatanca.pl\/krakow\/product\/mloda-para\",\"name\":\"M\u0142oda Para - Kurs ta\u0144ca Krak\u00f3w | novaszkolatanca.pl\/krakow\/\",\"isPartOf\":{\"@id\":\"https:\/\/www.novaszkolatanca.pl\/krakow\/#website\"},\"primaryImageOfPage\":{\"@id\":\"https:\/\/www.novaszkolatanca.pl\/krakow\/product\/mloda-para#primaryimage\"},\"datePublished\":\"2021-08-30T15:10:41+00:00\",\"dateModified\":\"2025-08-21T14:46:47+00:00\",\"breadcrumb\":{\"@id\":\"https:\/\/www.novaszkolatanca.pl\/krakow\/product\/mloda-para#breadcrumb\"},\"inLanguage\":\"pl-PL\",\"potentialAction\":[{\"@type\":\"ReadAction\",\"target\":[\"https:\/\/www.novaszkolatanca.pl\/krakow\/product\/mloda-para\"]}]},{\"@type\":\"BreadcrumbList\",\"@id\":\"https:\/\/www.novaszkolatanca.pl\/krakow\/product\/mloda-para#breadcrumb\",\"itemListElement\":[{\"@type\":\"ListItem\",\"position\":1,\"name\":\"Strona g\u0142\u00f3wna\",\"item\":\"https:\/\/www.novaszkolatanca.pl\/krakow\/\"},{\"@type\":\"ListItem\",\"position\":2,\"name\":\"M\u0142oda Para\"}]}]}<\/script>\n<!-- \/ Yoast SEO plugin. -->","yoast_head_json":{"title":"M\u0142oda Para - Kurs ta\u0144ca Krak\u00f3w | novaszkolatanca.pl\/krakow\/","robots":{"index":"index","follow":"follow","max-snippet":"max-snippet:-1","max-image-preview":"max-image-preview:large","max-video-preview":"max-video-preview:-1"},"canonical":"https:\/\/www.novaszkolatanca.pl\/krakow\/product\/mloda-para","og_locale":"pl_PL","og_type":"article","og_title":"M\u0142oda Para - Kurs ta\u0144ca Krak\u00f3w | novaszkolatanca.pl\/krakow\/","og_description":"Przed wykupieniem karnetu konieczne jest dokonanie zapisu na wybrany kurs.  Zapisz si\u0119 tutaj:  https:\/\/www.novaszkolatanca.pl\/krakow\/zapisy  Kurs stacjonarny 7 x 60 min Kaucja Karty Partnerskie  Nie p\u0142a\u0107 dok\u0105d nie dostaniesz informacji o dost\u0119pnych miejscach  &nbsp;","og_url":"https:\/\/www.novaszkolatanca.pl\/krakow\/product\/mloda-para","og_site_name":"Kurs ta\u0144ca Krak\u00f3w | novaszkolatanca.pl\/krakow\/","article_modified_time":"2025-08-21T14:46:47+00:00","og_image":[{"width":3456,"height":2304,"url":"https:\/\/www.novaszkolatanca.pl\/krakow\/wp-content\/uploads\/2021\/08\/Mloda-Para.png","type":"image\/png"}],"twitter_card":"summary","schema":{"@context":"https:\/\/schema.org","@graph":[{"@type":"WebSite","@id":"https:\/\/www.novaszkolatanca.pl\/krakow\/#website","url":"https:\/\/www.novaszkolatanca.pl\/krakow\/","name":"Kurs ta\u0144ca Krak\u00f3w | novaszkolatanca.pl\/krakow\/","description":"Szko\u0142a ta\u0144ca z oddzia\u0142ami w Krakowie i Katowicach.","potentialAction":[{"@type":"SearchAction","target":{"@type":"EntryPoint","urlTemplate":"https:\/\/www.novaszkolatanca.pl\/krakow\/?s={search_term_string}"},"query-input":"required name=search_term_string"}],"inLanguage":"pl-PL"},{"@type":"ImageObject","@id":"https:\/\/www.novaszkolatanca.pl\/krakow\/product\/mloda-para#primaryimage","inLanguage":"pl-PL","url":"https:\/\/www.novaszkolatanca.pl\/krakow\/wp-content\/uploads\/2021\/08\/Mloda-Para.png","contentUrl":"https:\/\/www.novaszkolatanca.pl\/krakow\/wp-content\/uploads\/2021\/08\/Mloda-Para.png","width":3456,"height":2304},{"@type":"WebPage","@id":"https:\/\/www.novaszkolatanca.pl\/krakow\/product\/mloda-para#webpage","url":"https:\/\/www.novaszkolatanca.pl\/krakow\/product\/mloda-para","name":"M\u0142oda Para - Kurs ta\u0144ca Krak\u00f3w | novaszkolatanca.pl\/krakow\/","isPartOf":{"@id":"https:\/\/www.novaszkolatanca.pl\/krakow\/#website"},"primaryImageOfPage":{"@id":"https:\/\/www.novaszkolatanca.pl\/krakow\/product\/mloda-para#primaryimage"},"datePublished":"2021-08-30T15:10:41+00:00","dateModified":"2025-08-21T14:46:47+00:00","breadcrumb":{"@id":"https:\/\/www.novaszkolatanca.pl\/krakow\/product\/mloda-para#breadcrumb"},"inLanguage":"pl-PL","potentialAction":[{"@type":"ReadAction","target":["https:\/\/www.novaszkolatanca.pl\/krakow\/product\/mloda-para"]}]},{"@type":"BreadcrumbList","@id":"https:\/\/www.novaszkolatanca.pl\/krakow\/product\/mloda-para#breadcrumb","itemListElement":[{"@type":"ListItem","position":1,"name":"Strona g\u0142\u00f3wna","item":"https:\/\/www.novaszkolatanca.pl\/krakow\/"},{"@type":"ListItem","position":2,"name":"M\u0142oda Para"}]}]}},"_links":{"self":[{"href":"https:\/\/www.novaszkolatanca.pl\/krakow\/wp-json\/wp\/v2\/product\/9814"}],"collection":[{"href":"https:\/\/www.novaszkolatanca.pl\/krakow\/wp-json\/wp\/v2\/product"}],"about":[{"href":"https:\/\/www.novaszkolatanca.pl\/krakow\/wp-json\/wp\/v2\/types\/product"}],"replies":[{"embeddable":true,"href":"https:\/\/www.novaszkolatanca.pl\/krakow\/wp-json\/wp\/v2\/comments?post=9814"}],"wp:featuredmedia":[{"embeddable":true,"href":"https:\/\/www.novaszkolatanca.pl\/krakow\/wp-json\/wp\/v2\/media\/9893"}],"wp:attachment":[{"href":"https:\/\/www.novaszkolatanca.pl\/krakow\/wp-json\/wp\/v2\/media?parent=9814"}],"wp:term":[{"taxonomy":"product_cat","embeddable":true,"href":"https:\/\/www.novaszkolatanca.pl\/krakow\/wp-json\/wp\/v2\/product_cat?post=9814"},{"taxonomy":"product_tag","embeddable":true,"href":"https:\/\/www.novaszkolatanca.pl\/krakow\/wp-json\/wp\/v2\/product_tag?post=9814"}],"curies":[{"name":"wp","href":"https:\/\/api.w.org\/{rel}","templated":true}]}}