{"id":19196,"date":"2025-10-27T09:43:31","date_gmt":"2025-10-27T08:43:31","guid":{"rendered":"https:\/\/www.novaszkolatanca.pl\/krakow\/?post_type=product&#038;p=19196"},"modified":"2025-10-27T09:49:54","modified_gmt":"2025-10-27T08:49:54","slug":"modern","status":"publish","type":"product","link":"https:\/\/www.novaszkolatanca.pl\/krakow\/product\/modern","title":{"rendered":"Modern"},"content":{"rendered":"","protected":false},"excerpt":{"rendered":"<p>Przed wykupieniem karnetu<strong> konieczne<\/strong> jest dokonanie zapisu na wybrany kurs.<\/p>\n<p>Zapisz si\u0119 tutaj:<\/p>\n<p>https:\/\/www.novaszkolatanca.pl\/krakow\/zapisy<\/p>\n<p>Kurs stacjonarny<br \/>\n1 miesi\u0105c\/ 4 kolejne wej\u015bcia<br \/>\n2 miesi\u0105ce\/8 kolejnych wej\u015b\u0107<br \/>\n3 miesi\u0105ce\/12 kolejnych wej\u015b\u0107<br \/>\nKaucja Karty Partnerskie<\/p>\n<p>&nbsp;<\/p>\n<p><strong>Je\u015bli nie ma wolnych miejsc w grupie , Szko\u0142a poinformuje Ci\u0119 o tym mailowo po otrzymaniu Twojego zapisu.<\/strong><\/p>\n","protected":false},"featured_media":19202,"comment_status":"closed","ping_status":"closed","template":"","meta":{"spay_email":""},"product_cat":[96],"product_tag":[],"acf":[],"yoast_head":"<!-- This site is optimized with the Yoast SEO plugin v18.2 - https:\/\/yoast.com\/wordpress\/plugins\/seo\/ -->\n<title>Modern - Kurs ta\u0144ca Krak\u00f3w | novaszkolatanca.pl\/krakow\/<\/title>\n<meta name=\"robots\" content=\"index, follow, max-snippet:-1, max-image-preview:large, max-video-preview:-1\" \/>\n<link rel=\"canonical\" href=\"https:\/\/www.novaszkolatanca.pl\/krakow\/product\/modern\" \/>\n<meta property=\"og:locale\" content=\"pl_PL\" \/>\n<meta property=\"og:type\" content=\"article\" \/>\n<meta property=\"og:title\" content=\"Modern - Kurs ta\u0144ca Krak\u00f3w | novaszkolatanca.pl\/krakow\/\" \/>\n<meta property=\"og:description\" content=\"Przed wykupieniem karnetu konieczne jest dokonanie zapisu na wybrany kurs.  Zapisz si\u0119 tutaj:  https:\/\/www.novaszkolatanca.pl\/krakow\/zapisy  Kurs stacjonarny 1 miesi\u0105c\/ 4 kolejne wej\u015bcia 2 miesi\u0105ce\/8 kolejnych wej\u015b\u0107 3 miesi\u0105ce\/12 kolejnych wej\u015b\u0107 Kaucja Karty Partnerskie  &nbsp;  Je\u015bli nie ma wolnych miejsc w grupie , Szko\u0142a poinformuje Ci\u0119 o tym mailowo po otrzymaniu Twojego zapisu.\" \/>\n<meta property=\"og:url\" content=\"https:\/\/www.novaszkolatanca.pl\/krakow\/product\/modern\" \/>\n<meta property=\"og:site_name\" content=\"Kurs ta\u0144ca Krak\u00f3w | novaszkolatanca.pl\/krakow\/\" \/>\n<meta property=\"article:modified_time\" content=\"2025-10-27T08:49:54+00:00\" \/>\n<meta property=\"og:image\" content=\"https:\/\/www.novaszkolatanca.pl\/krakow\/wp-content\/uploads\/2025\/10\/Modern-scaled.jpg\" \/>\n\t<meta property=\"og:image:width\" content=\"2560\" \/>\n\t<meta property=\"og:image:height\" content=\"1707\" \/>\n\t<meta property=\"og:image:type\" content=\"image\/jpeg\" \/>\n<meta name=\"twitter:card\" content=\"summary\" \/>\n<script type=\"application\/ld+json\" class=\"yoast-schema-graph\">{\"@context\":\"https:\/\/schema.org\",\"@graph\":[{\"@type\":\"WebSite\",\"@id\":\"https:\/\/www.novaszkolatanca.pl\/krakow\/#website\",\"url\":\"https:\/\/www.novaszkolatanca.pl\/krakow\/\",\"name\":\"Kurs ta\u0144ca Krak\u00f3w | novaszkolatanca.pl\/krakow\/\",\"description\":\"Szko\u0142a ta\u0144ca z oddzia\u0142ami w Krakowie i Katowicach.\",\"potentialAction\":[{\"@type\":\"SearchAction\",\"target\":{\"@type\":\"EntryPoint\",\"urlTemplate\":\"https:\/\/www.novaszkolatanca.pl\/krakow\/?s={search_term_string}\"},\"query-input\":\"required name=search_term_string\"}],\"inLanguage\":\"pl-PL\"},{\"@type\":\"ImageObject\",\"@id\":\"https:\/\/www.novaszkolatanca.pl\/krakow\/product\/modern#primaryimage\",\"inLanguage\":\"pl-PL\",\"url\":\"https:\/\/www.novaszkolatanca.pl\/krakow\/wp-content\/uploads\/2025\/10\/Modern-scaled.jpg\",\"contentUrl\":\"https:\/\/www.novaszkolatanca.pl\/krakow\/wp-content\/uploads\/2025\/10\/Modern-scaled.jpg\",\"width\":2560,\"height\":1707},{\"@type\":\"WebPage\",\"@id\":\"https:\/\/www.novaszkolatanca.pl\/krakow\/product\/modern#webpage\",\"url\":\"https:\/\/www.novaszkolatanca.pl\/krakow\/product\/modern\",\"name\":\"Modern - Kurs ta\u0144ca Krak\u00f3w | novaszkolatanca.pl\/krakow\/\",\"isPartOf\":{\"@id\":\"https:\/\/www.novaszkolatanca.pl\/krakow\/#website\"},\"primaryImageOfPage\":{\"@id\":\"https:\/\/www.novaszkolatanca.pl\/krakow\/product\/modern#primaryimage\"},\"datePublished\":\"2025-10-27T08:43:31+00:00\",\"dateModified\":\"2025-10-27T08:49:54+00:00\",\"breadcrumb\":{\"@id\":\"https:\/\/www.novaszkolatanca.pl\/krakow\/product\/modern#breadcrumb\"},\"inLanguage\":\"pl-PL\",\"potentialAction\":[{\"@type\":\"ReadAction\",\"target\":[\"https:\/\/www.novaszkolatanca.pl\/krakow\/product\/modern\"]}]},{\"@type\":\"BreadcrumbList\",\"@id\":\"https:\/\/www.novaszkolatanca.pl\/krakow\/product\/modern#breadcrumb\",\"itemListElement\":[{\"@type\":\"ListItem\",\"position\":1,\"name\":\"Strona g\u0142\u00f3wna\",\"item\":\"https:\/\/www.novaszkolatanca.pl\/krakow\/\"},{\"@type\":\"ListItem\",\"position\":2,\"name\":\"Modern\"}]}]}<\/script>\n<!-- \/ Yoast SEO plugin. -->","yoast_head_json":{"title":"Modern - Kurs ta\u0144ca Krak\u00f3w | novaszkolatanca.pl\/krakow\/","robots":{"index":"index","follow":"follow","max-snippet":"max-snippet:-1","max-image-preview":"max-image-preview:large","max-video-preview":"max-video-preview:-1"},"canonical":"https:\/\/www.novaszkolatanca.pl\/krakow\/product\/modern","og_locale":"pl_PL","og_type":"article","og_title":"Modern - Kurs ta\u0144ca Krak\u00f3w | novaszkolatanca.pl\/krakow\/","og_description":"Przed wykupieniem karnetu konieczne jest dokonanie zapisu na wybrany kurs.  Zapisz si\u0119 tutaj:  https:\/\/www.novaszkolatanca.pl\/krakow\/zapisy  Kurs stacjonarny 1 miesi\u0105c\/ 4 kolejne wej\u015bcia 2 miesi\u0105ce\/8 kolejnych wej\u015b\u0107 3 miesi\u0105ce\/12 kolejnych wej\u015b\u0107 Kaucja Karty Partnerskie  &nbsp;  Je\u015bli nie ma wolnych miejsc w grupie , Szko\u0142a poinformuje Ci\u0119 o tym mailowo po otrzymaniu Twojego zapisu.","og_url":"https:\/\/www.novaszkolatanca.pl\/krakow\/product\/modern","og_site_name":"Kurs ta\u0144ca Krak\u00f3w | novaszkolatanca.pl\/krakow\/","article_modified_time":"2025-10-27T08:49:54+00:00","og_image":[{"width":2560,"height":1707,"url":"https:\/\/www.novaszkolatanca.pl\/krakow\/wp-content\/uploads\/2025\/10\/Modern-scaled.jpg","type":"image\/jpeg"}],"twitter_card":"summary","schema":{"@context":"https:\/\/schema.org","@graph":[{"@type":"WebSite","@id":"https:\/\/www.novaszkolatanca.pl\/krakow\/#website","url":"https:\/\/www.novaszkolatanca.pl\/krakow\/","name":"Kurs ta\u0144ca Krak\u00f3w | novaszkolatanca.pl\/krakow\/","description":"Szko\u0142a ta\u0144ca z oddzia\u0142ami w Krakowie i Katowicach.","potentialAction":[{"@type":"SearchAction","target":{"@type":"EntryPoint","urlTemplate":"https:\/\/www.novaszkolatanca.pl\/krakow\/?s={search_term_string}"},"query-input":"required name=search_term_string"}],"inLanguage":"pl-PL"},{"@type":"ImageObject","@id":"https:\/\/www.novaszkolatanca.pl\/krakow\/product\/modern#primaryimage","inLanguage":"pl-PL","url":"https:\/\/www.novaszkolatanca.pl\/krakow\/wp-content\/uploads\/2025\/10\/Modern-scaled.jpg","contentUrl":"https:\/\/www.novaszkolatanca.pl\/krakow\/wp-content\/uploads\/2025\/10\/Modern-scaled.jpg","width":2560,"height":1707},{"@type":"WebPage","@id":"https:\/\/www.novaszkolatanca.pl\/krakow\/product\/modern#webpage","url":"https:\/\/www.novaszkolatanca.pl\/krakow\/product\/modern","name":"Modern - Kurs ta\u0144ca Krak\u00f3w | novaszkolatanca.pl\/krakow\/","isPartOf":{"@id":"https:\/\/www.novaszkolatanca.pl\/krakow\/#website"},"primaryImageOfPage":{"@id":"https:\/\/www.novaszkolatanca.pl\/krakow\/product\/modern#primaryimage"},"datePublished":"2025-10-27T08:43:31+00:00","dateModified":"2025-10-27T08:49:54+00:00","breadcrumb":{"@id":"https:\/\/www.novaszkolatanca.pl\/krakow\/product\/modern#breadcrumb"},"inLanguage":"pl-PL","potentialAction":[{"@type":"ReadAction","target":["https:\/\/www.novaszkolatanca.pl\/krakow\/product\/modern"]}]},{"@type":"BreadcrumbList","@id":"https:\/\/www.novaszkolatanca.pl\/krakow\/product\/modern#breadcrumb","itemListElement":[{"@type":"ListItem","position":1,"name":"Strona g\u0142\u00f3wna","item":"https:\/\/www.novaszkolatanca.pl\/krakow\/"},{"@type":"ListItem","position":2,"name":"Modern"}]}]}},"_links":{"self":[{"href":"https:\/\/www.novaszkolatanca.pl\/krakow\/wp-json\/wp\/v2\/product\/19196"}],"collection":[{"href":"https:\/\/www.novaszkolatanca.pl\/krakow\/wp-json\/wp\/v2\/product"}],"about":[{"href":"https:\/\/www.novaszkolatanca.pl\/krakow\/wp-json\/wp\/v2\/types\/product"}],"replies":[{"embeddable":true,"href":"https:\/\/www.novaszkolatanca.pl\/krakow\/wp-json\/wp\/v2\/comments?post=19196"}],"wp:featuredmedia":[{"embeddable":true,"href":"https:\/\/www.novaszkolatanca.pl\/krakow\/wp-json\/wp\/v2\/media\/19202"}],"wp:attachment":[{"href":"https:\/\/www.novaszkolatanca.pl\/krakow\/wp-json\/wp\/v2\/media?parent=19196"}],"wp:term":[{"taxonomy":"product_cat","embeddable":true,"href":"https:\/\/www.novaszkolatanca.pl\/krakow\/wp-json\/wp\/v2\/product_cat?post=19196"},{"taxonomy":"product_tag","embeddable":true,"href":"https:\/\/www.novaszkolatanca.pl\/krakow\/wp-json\/wp\/v2\/product_tag?post=19196"}],"curies":[{"name":"wp","href":"https:\/\/api.w.org\/{rel}","templated":true}]}}