{"id":12050,"date":"2022-08-17T19:19:12","date_gmt":"2022-08-17T17:19:12","guid":{"rendered":"https:\/\/www.novaszkolatanca.pl\/krakow\/?post_type=product&#038;p=12050"},"modified":"2025-08-21T18:50:22","modified_gmt":"2025-08-21T16:50:22","slug":"taniec-wspolczesny-7-9-lat","status":"publish","type":"product","link":"https:\/\/www.novaszkolatanca.pl\/krakow\/product\/taniec-wspolczesny-7-9-lat","title":{"rendered":"Taniec nowoczesny \/ Hip hop"},"content":{"rendered":"","protected":false},"excerpt":{"rendered":"<p>&nbsp;<\/p>\n<p>Przed wykupieniem karnetu<strong> konieczne<\/strong> jest dokonanie zapisu na wybrany kurs.<\/p>\n<p>Zapisz si\u0119 tutaj:<\/p>\n<p>https:\/\/www.novaszkolatanca.pl\/krakow\/zapisy<\/p>\n<p>Kurs stacjonarny<br \/>\n1 miesi\u0105c\/ 4 kolejne wej\u015bcia<br \/>\n3 miesi\u0105ce\/12 kolejnych wej\u015b\u0107<br \/>\n5 miesi\u0119cy (semestr)\/20 kolejnych wej\u015b\u0107<\/p>\n<p>Kurs online<br \/>\nJednorazowe \/ 1 wej\u015bcie<br \/>\n1 miesi\u0105c\/4 kolejne wej\u015bcia<\/p>\n<p><strong>Je\u015bli nie ma wolnych miejsc w grupie , Szko\u0142a poinformuje Ci\u0119 o tym mailowo po otrzymaniu Twojego zapisu.<\/strong><\/p>\n","protected":false},"featured_media":18585,"comment_status":"closed","ping_status":"closed","template":"","meta":{"spay_email":""},"product_cat":[96],"product_tag":[],"acf":[],"yoast_head":"<!-- This site is optimized with the Yoast SEO plugin v18.2 - https:\/\/yoast.com\/wordpress\/plugins\/seo\/ -->\n<title>Taniec nowoczesny \/ Hip hop - Kurs ta\u0144ca Krak\u00f3w | novaszkolatanca.pl\/krakow\/<\/title>\n<meta name=\"robots\" content=\"index, follow, max-snippet:-1, max-image-preview:large, max-video-preview:-1\" \/>\n<link rel=\"canonical\" href=\"https:\/\/www.novaszkolatanca.pl\/krakow\/product\/taniec-wspolczesny-7-9-lat\" \/>\n<meta property=\"og:locale\" content=\"pl_PL\" \/>\n<meta property=\"og:type\" content=\"article\" \/>\n<meta property=\"og:title\" content=\"Taniec nowoczesny \/ Hip hop - Kurs ta\u0144ca Krak\u00f3w | novaszkolatanca.pl\/krakow\/\" \/>\n<meta property=\"og:description\" content=\"&nbsp;  Przed wykupieniem karnetu konieczne jest dokonanie zapisu na wybrany kurs.  Zapisz si\u0119 tutaj:  https:\/\/www.novaszkolatanca.pl\/krakow\/zapisy  Kurs stacjonarny 1 miesi\u0105c\/ 4 kolejne wej\u015bcia 3 miesi\u0105ce\/12 kolejnych wej\u015b\u0107 5 miesi\u0119cy (semestr)\/20 kolejnych wej\u015b\u0107  Kurs online Jednorazowe \/ 1 wej\u015bcie 1 miesi\u0105c\/4 kolejne wej\u015bcia  Je\u015bli nie ma wolnych miejsc w grupie , Szko\u0142a poinformuje Ci\u0119 o tym mailowo po otrzymaniu Twojego zapisu.\" \/>\n<meta property=\"og:url\" content=\"https:\/\/www.novaszkolatanca.pl\/krakow\/product\/taniec-wspolczesny-7-9-lat\" \/>\n<meta property=\"og:site_name\" content=\"Kurs ta\u0144ca Krak\u00f3w | novaszkolatanca.pl\/krakow\/\" \/>\n<meta property=\"article:modified_time\" content=\"2025-08-21T16:50:22+00:00\" \/>\n<meta property=\"og:image\" content=\"https:\/\/www.novaszkolatanca.pl\/krakow\/wp-content\/uploads\/2025\/08\/taniec-nowoczesny-hip-hop-scaled.jpg\" \/>\n\t<meta property=\"og:image:width\" content=\"2560\" \/>\n\t<meta property=\"og:image:height\" content=\"1707\" \/>\n\t<meta property=\"og:image:type\" content=\"image\/jpeg\" \/>\n<meta name=\"twitter:card\" content=\"summary\" \/>\n<script type=\"application\/ld+json\" class=\"yoast-schema-graph\">{\"@context\":\"https:\/\/schema.org\",\"@graph\":[{\"@type\":\"WebSite\",\"@id\":\"https:\/\/www.novaszkolatanca.pl\/krakow\/#website\",\"url\":\"https:\/\/www.novaszkolatanca.pl\/krakow\/\",\"name\":\"Kurs ta\u0144ca Krak\u00f3w | novaszkolatanca.pl\/krakow\/\",\"description\":\"Szko\u0142a ta\u0144ca z oddzia\u0142ami w Krakowie i Katowicach.\",\"potentialAction\":[{\"@type\":\"SearchAction\",\"target\":{\"@type\":\"EntryPoint\",\"urlTemplate\":\"https:\/\/www.novaszkolatanca.pl\/krakow\/?s={search_term_string}\"},\"query-input\":\"required name=search_term_string\"}],\"inLanguage\":\"pl-PL\"},{\"@type\":\"ImageObject\",\"@id\":\"https:\/\/www.novaszkolatanca.pl\/krakow\/product\/taniec-wspolczesny-7-9-lat#primaryimage\",\"inLanguage\":\"pl-PL\",\"url\":\"https:\/\/www.novaszkolatanca.pl\/krakow\/wp-content\/uploads\/2025\/08\/taniec-nowoczesny-hip-hop-scaled.jpg\",\"contentUrl\":\"https:\/\/www.novaszkolatanca.pl\/krakow\/wp-content\/uploads\/2025\/08\/taniec-nowoczesny-hip-hop-scaled.jpg\",\"width\":2560,\"height\":1707},{\"@type\":\"WebPage\",\"@id\":\"https:\/\/www.novaszkolatanca.pl\/krakow\/product\/taniec-wspolczesny-7-9-lat#webpage\",\"url\":\"https:\/\/www.novaszkolatanca.pl\/krakow\/product\/taniec-wspolczesny-7-9-lat\",\"name\":\"Taniec nowoczesny \/ Hip hop - Kurs ta\u0144ca Krak\u00f3w | novaszkolatanca.pl\/krakow\/\",\"isPartOf\":{\"@id\":\"https:\/\/www.novaszkolatanca.pl\/krakow\/#website\"},\"primaryImageOfPage\":{\"@id\":\"https:\/\/www.novaszkolatanca.pl\/krakow\/product\/taniec-wspolczesny-7-9-lat#primaryimage\"},\"datePublished\":\"2022-08-17T17:19:12+00:00\",\"dateModified\":\"2025-08-21T16:50:22+00:00\",\"breadcrumb\":{\"@id\":\"https:\/\/www.novaszkolatanca.pl\/krakow\/product\/taniec-wspolczesny-7-9-lat#breadcrumb\"},\"inLanguage\":\"pl-PL\",\"potentialAction\":[{\"@type\":\"ReadAction\",\"target\":[\"https:\/\/www.novaszkolatanca.pl\/krakow\/product\/taniec-wspolczesny-7-9-lat\"]}]},{\"@type\":\"BreadcrumbList\",\"@id\":\"https:\/\/www.novaszkolatanca.pl\/krakow\/product\/taniec-wspolczesny-7-9-lat#breadcrumb\",\"itemListElement\":[{\"@type\":\"ListItem\",\"position\":1,\"name\":\"Strona g\u0142\u00f3wna\",\"item\":\"https:\/\/www.novaszkolatanca.pl\/krakow\/\"},{\"@type\":\"ListItem\",\"position\":2,\"name\":\"Taniec nowoczesny \/ Hip hop\"}]}]}<\/script>\n<!-- \/ Yoast SEO plugin. -->","yoast_head_json":{"title":"Taniec nowoczesny \/ Hip hop - Kurs ta\u0144ca Krak\u00f3w | novaszkolatanca.pl\/krakow\/","robots":{"index":"index","follow":"follow","max-snippet":"max-snippet:-1","max-image-preview":"max-image-preview:large","max-video-preview":"max-video-preview:-1"},"canonical":"https:\/\/www.novaszkolatanca.pl\/krakow\/product\/taniec-wspolczesny-7-9-lat","og_locale":"pl_PL","og_type":"article","og_title":"Taniec nowoczesny \/ Hip hop - Kurs ta\u0144ca Krak\u00f3w | novaszkolatanca.pl\/krakow\/","og_description":"&nbsp;  Przed wykupieniem karnetu konieczne jest dokonanie zapisu na wybrany kurs.  Zapisz si\u0119 tutaj:  https:\/\/www.novaszkolatanca.pl\/krakow\/zapisy  Kurs stacjonarny 1 miesi\u0105c\/ 4 kolejne wej\u015bcia 3 miesi\u0105ce\/12 kolejnych wej\u015b\u0107 5 miesi\u0119cy (semestr)\/20 kolejnych wej\u015b\u0107  Kurs online Jednorazowe \/ 1 wej\u015bcie 1 miesi\u0105c\/4 kolejne wej\u015bcia  Je\u015bli nie ma wolnych miejsc w grupie , Szko\u0142a poinformuje Ci\u0119 o tym mailowo po otrzymaniu Twojego zapisu.","og_url":"https:\/\/www.novaszkolatanca.pl\/krakow\/product\/taniec-wspolczesny-7-9-lat","og_site_name":"Kurs ta\u0144ca Krak\u00f3w | novaszkolatanca.pl\/krakow\/","article_modified_time":"2025-08-21T16:50:22+00:00","og_image":[{"width":2560,"height":1707,"url":"https:\/\/www.novaszkolatanca.pl\/krakow\/wp-content\/uploads\/2025\/08\/taniec-nowoczesny-hip-hop-scaled.jpg","type":"image\/jpeg"}],"twitter_card":"summary","schema":{"@context":"https:\/\/schema.org","@graph":[{"@type":"WebSite","@id":"https:\/\/www.novaszkolatanca.pl\/krakow\/#website","url":"https:\/\/www.novaszkolatanca.pl\/krakow\/","name":"Kurs ta\u0144ca Krak\u00f3w | novaszkolatanca.pl\/krakow\/","description":"Szko\u0142a ta\u0144ca z oddzia\u0142ami w Krakowie i Katowicach.","potentialAction":[{"@type":"SearchAction","target":{"@type":"EntryPoint","urlTemplate":"https:\/\/www.novaszkolatanca.pl\/krakow\/?s={search_term_string}"},"query-input":"required name=search_term_string"}],"inLanguage":"pl-PL"},{"@type":"ImageObject","@id":"https:\/\/www.novaszkolatanca.pl\/krakow\/product\/taniec-wspolczesny-7-9-lat#primaryimage","inLanguage":"pl-PL","url":"https:\/\/www.novaszkolatanca.pl\/krakow\/wp-content\/uploads\/2025\/08\/taniec-nowoczesny-hip-hop-scaled.jpg","contentUrl":"https:\/\/www.novaszkolatanca.pl\/krakow\/wp-content\/uploads\/2025\/08\/taniec-nowoczesny-hip-hop-scaled.jpg","width":2560,"height":1707},{"@type":"WebPage","@id":"https:\/\/www.novaszkolatanca.pl\/krakow\/product\/taniec-wspolczesny-7-9-lat#webpage","url":"https:\/\/www.novaszkolatanca.pl\/krakow\/product\/taniec-wspolczesny-7-9-lat","name":"Taniec nowoczesny \/ Hip hop - Kurs ta\u0144ca Krak\u00f3w | novaszkolatanca.pl\/krakow\/","isPartOf":{"@id":"https:\/\/www.novaszkolatanca.pl\/krakow\/#website"},"primaryImageOfPage":{"@id":"https:\/\/www.novaszkolatanca.pl\/krakow\/product\/taniec-wspolczesny-7-9-lat#primaryimage"},"datePublished":"2022-08-17T17:19:12+00:00","dateModified":"2025-08-21T16:50:22+00:00","breadcrumb":{"@id":"https:\/\/www.novaszkolatanca.pl\/krakow\/product\/taniec-wspolczesny-7-9-lat#breadcrumb"},"inLanguage":"pl-PL","potentialAction":[{"@type":"ReadAction","target":["https:\/\/www.novaszkolatanca.pl\/krakow\/product\/taniec-wspolczesny-7-9-lat"]}]},{"@type":"BreadcrumbList","@id":"https:\/\/www.novaszkolatanca.pl\/krakow\/product\/taniec-wspolczesny-7-9-lat#breadcrumb","itemListElement":[{"@type":"ListItem","position":1,"name":"Strona g\u0142\u00f3wna","item":"https:\/\/www.novaszkolatanca.pl\/krakow\/"},{"@type":"ListItem","position":2,"name":"Taniec nowoczesny \/ Hip hop"}]}]}},"_links":{"self":[{"href":"https:\/\/www.novaszkolatanca.pl\/krakow\/wp-json\/wp\/v2\/product\/12050"}],"collection":[{"href":"https:\/\/www.novaszkolatanca.pl\/krakow\/wp-json\/wp\/v2\/product"}],"about":[{"href":"https:\/\/www.novaszkolatanca.pl\/krakow\/wp-json\/wp\/v2\/types\/product"}],"replies":[{"embeddable":true,"href":"https:\/\/www.novaszkolatanca.pl\/krakow\/wp-json\/wp\/v2\/comments?post=12050"}],"wp:featuredmedia":[{"embeddable":true,"href":"https:\/\/www.novaszkolatanca.pl\/krakow\/wp-json\/wp\/v2\/media\/18585"}],"wp:attachment":[{"href":"https:\/\/www.novaszkolatanca.pl\/krakow\/wp-json\/wp\/v2\/media?parent=12050"}],"wp:term":[{"taxonomy":"product_cat","embeddable":true,"href":"https:\/\/www.novaszkolatanca.pl\/krakow\/wp-json\/wp\/v2\/product_cat?post=12050"},{"taxonomy":"product_tag","embeddable":true,"href":"https:\/\/www.novaszkolatanca.pl\/krakow\/wp-json\/wp\/v2\/product_tag?post=12050"}],"curies":[{"name":"wp","href":"https:\/\/api.w.org\/{rel}","templated":true}]}}