{"id":9524,"date":"2021-07-07T16:08:13","date_gmt":"2021-07-07T14:08:13","guid":{"rendered":"https:\/\/www.novaszkolatanca.pl\/krakow\/cart"},"modified":"2021-07-12T10:20:40","modified_gmt":"2021-07-12T08:20:40","slug":"cart","status":"publish","type":"page","link":"https:\/\/www.novaszkolatanca.pl\/krakow\/cart","title":{"rendered":"Koszyk"},"content":{"rendered":"\n","protected":false},"excerpt":{"rendered":"","protected":false},"author":1,"featured_media":0,"parent":0,"menu_order":0,"comment_status":"closed","ping_status":"closed","template":"","meta":{"spay_email":""},"acf":[],"yoast_head":"<!-- This site is optimized with the Yoast SEO plugin v18.2 - https:\/\/yoast.com\/wordpress\/plugins\/seo\/ -->\n<title>Koszyk - Kurs ta\u0144ca Krak\u00f3w | novaszkolatanca.pl\/krakow\/<\/title>\n<meta name=\"robots\" content=\"index, follow, max-snippet:-1, max-image-preview:large, max-video-preview:-1\" \/>\n<link rel=\"canonical\" href=\"https:\/\/www.novaszkolatanca.pl\/krakow\/cart\" \/>\n<meta property=\"og:locale\" content=\"pl_PL\" \/>\n<meta property=\"og:type\" content=\"article\" \/>\n<meta property=\"og:title\" content=\"Koszyk - Kurs ta\u0144ca Krak\u00f3w | novaszkolatanca.pl\/krakow\/\" \/>\n<meta property=\"og:url\" content=\"https:\/\/www.novaszkolatanca.pl\/krakow\/cart\" \/>\n<meta property=\"og:site_name\" content=\"Kurs ta\u0144ca Krak\u00f3w | novaszkolatanca.pl\/krakow\/\" \/>\n<meta property=\"article:modified_time\" content=\"2021-07-12T08:20:40+00:00\" \/>\n<meta name=\"twitter:card\" content=\"summary\" \/>\n<script type=\"application\/ld+json\" class=\"yoast-schema-graph\">{\"@context\":\"https:\/\/schema.org\",\"@graph\":[{\"@type\":\"WebSite\",\"@id\":\"https:\/\/www.novaszkolatanca.pl\/krakow\/#website\",\"url\":\"https:\/\/www.novaszkolatanca.pl\/krakow\/\",\"name\":\"Kurs ta\u0144ca Krak\u00f3w | novaszkolatanca.pl\/krakow\/\",\"description\":\"Szko\u0142a ta\u0144ca z oddzia\u0142ami w Krakowie i Katowicach.\",\"potentialAction\":[{\"@type\":\"SearchAction\",\"target\":{\"@type\":\"EntryPoint\",\"urlTemplate\":\"https:\/\/www.novaszkolatanca.pl\/krakow\/?s={search_term_string}\"},\"query-input\":\"required name=search_term_string\"}],\"inLanguage\":\"pl-PL\"},{\"@type\":\"WebPage\",\"@id\":\"https:\/\/www.novaszkolatanca.pl\/krakow\/cart#webpage\",\"url\":\"https:\/\/www.novaszkolatanca.pl\/krakow\/cart\",\"name\":\"Koszyk - Kurs ta\u0144ca Krak\u00f3w | novaszkolatanca.pl\/krakow\/\",\"isPartOf\":{\"@id\":\"https:\/\/www.novaszkolatanca.pl\/krakow\/#website\"},\"datePublished\":\"2021-07-07T14:08:13+00:00\",\"dateModified\":\"2021-07-12T08:20:40+00:00\",\"breadcrumb\":{\"@id\":\"https:\/\/www.novaszkolatanca.pl\/krakow\/cart#breadcrumb\"},\"inLanguage\":\"pl-PL\",\"potentialAction\":[{\"@type\":\"ReadAction\",\"target\":[\"https:\/\/www.novaszkolatanca.pl\/krakow\/cart\"]}]},{\"@type\":\"BreadcrumbList\",\"@id\":\"https:\/\/www.novaszkolatanca.pl\/krakow\/cart#breadcrumb\",\"itemListElement\":[{\"@type\":\"ListItem\",\"position\":1,\"name\":\"Strona g\u0142\u00f3wna\",\"item\":\"https:\/\/www.novaszkolatanca.pl\/krakow\/\"},{\"@type\":\"ListItem\",\"position\":2,\"name\":\"Koszyk\"}]}]}<\/script>\n<!-- \/ Yoast SEO plugin. -->","yoast_head_json":{"title":"Koszyk - Kurs ta\u0144ca Krak\u00f3w | novaszkolatanca.pl\/krakow\/","robots":{"index":"index","follow":"follow","max-snippet":"max-snippet:-1","max-image-preview":"max-image-preview:large","max-video-preview":"max-video-preview:-1"},"canonical":"https:\/\/www.novaszkolatanca.pl\/krakow\/cart","og_locale":"pl_PL","og_type":"article","og_title":"Koszyk - Kurs ta\u0144ca Krak\u00f3w | novaszkolatanca.pl\/krakow\/","og_url":"https:\/\/www.novaszkolatanca.pl\/krakow\/cart","og_site_name":"Kurs ta\u0144ca Krak\u00f3w | novaszkolatanca.pl\/krakow\/","article_modified_time":"2021-07-12T08:20:40+00:00","twitter_card":"summary","schema":{"@context":"https:\/\/schema.org","@graph":[{"@type":"WebSite","@id":"https:\/\/www.novaszkolatanca.pl\/krakow\/#website","url":"https:\/\/www.novaszkolatanca.pl\/krakow\/","name":"Kurs ta\u0144ca Krak\u00f3w | novaszkolatanca.pl\/krakow\/","description":"Szko\u0142a ta\u0144ca z oddzia\u0142ami w Krakowie i Katowicach.","potentialAction":[{"@type":"SearchAction","target":{"@type":"EntryPoint","urlTemplate":"https:\/\/www.novaszkolatanca.pl\/krakow\/?s={search_term_string}"},"query-input":"required name=search_term_string"}],"inLanguage":"pl-PL"},{"@type":"WebPage","@id":"https:\/\/www.novaszkolatanca.pl\/krakow\/cart#webpage","url":"https:\/\/www.novaszkolatanca.pl\/krakow\/cart","name":"Koszyk - Kurs ta\u0144ca Krak\u00f3w | novaszkolatanca.pl\/krakow\/","isPartOf":{"@id":"https:\/\/www.novaszkolatanca.pl\/krakow\/#website"},"datePublished":"2021-07-07T14:08:13+00:00","dateModified":"2021-07-12T08:20:40+00:00","breadcrumb":{"@id":"https:\/\/www.novaszkolatanca.pl\/krakow\/cart#breadcrumb"},"inLanguage":"pl-PL","potentialAction":[{"@type":"ReadAction","target":["https:\/\/www.novaszkolatanca.pl\/krakow\/cart"]}]},{"@type":"BreadcrumbList","@id":"https:\/\/www.novaszkolatanca.pl\/krakow\/cart#breadcrumb","itemListElement":[{"@type":"ListItem","position":1,"name":"Strona g\u0142\u00f3wna","item":"https:\/\/www.novaszkolatanca.pl\/krakow\/"},{"@type":"ListItem","position":2,"name":"Koszyk"}]}]}},"_links":{"self":[{"href":"https:\/\/www.novaszkolatanca.pl\/krakow\/wp-json\/wp\/v2\/pages\/9524"}],"collection":[{"href":"https:\/\/www.novaszkolatanca.pl\/krakow\/wp-json\/wp\/v2\/pages"}],"about":[{"href":"https:\/\/www.novaszkolatanca.pl\/krakow\/wp-json\/wp\/v2\/types\/page"}],"author":[{"embeddable":true,"href":"https:\/\/www.novaszkolatanca.pl\/krakow\/wp-json\/wp\/v2\/users\/1"}],"replies":[{"embeddable":true,"href":"https:\/\/www.novaszkolatanca.pl\/krakow\/wp-json\/wp\/v2\/comments?post=9524"}],"version-history":[{"count":2,"href":"https:\/\/www.novaszkolatanca.pl\/krakow\/wp-json\/wp\/v2\/pages\/9524\/revisions"}],"predecessor-version":[{"id":9573,"href":"https:\/\/www.novaszkolatanca.pl\/krakow\/wp-json\/wp\/v2\/pages\/9524\/revisions\/9573"}],"wp:attachment":[{"href":"https:\/\/www.novaszkolatanca.pl\/krakow\/wp-json\/wp\/v2\/media?parent=9524"}],"curies":[{"name":"wp","href":"https:\/\/api.w.org\/{rel}","templated":true}]}}