{"id":73,"date":"2015-09-25T16:30:01","date_gmt":"2015-09-25T14:30:01","guid":{"rendered":"http:\/\/szkolatanca.mmdev.org\/?page_id=73"},"modified":"2025-10-31T08:50:47","modified_gmt":"2025-10-31T07:50:47","slug":"zapisy","status":"publish","type":"page","link":"https:\/\/www.novaszkolatanca.pl\/krakow\/zapisy","title":{"rendered":"Zapisy"},"content":{"rendered":"<h4 class=\"text-center\">Znajd\u017a kurs dla siebie<\/h4>\n<p>NOVA Szko\u0142a Ta\u0144ca proponuje szeroki wachlarz zaj\u0119\u0107 tanecznych, aby zapisa\u0107 si\u0119 na kurs wybierz technik\u0119 z naszych powy\u017cszych propozycji.<\/p>\n<p><span style=\"color: #ff0000;\"><em><strong>UWAGA! Kursy przy kt\u00f3rych nie widnieje data rozpocz\u0119cia, ju\u017c si\u0119 rozpocz\u0119\u0142y. Zapytaj o poziom grupy i dost\u0119pno\u015b\u0107 miejsc: <a style=\"color: #ff0000;\" href=\"mailto:nova.krakow@novaszkolatanca.eu\">nova.krakow@novaszkolatanca.eu<\/a><\/strong><\/em><\/span><\/p>\n","protected":false},"excerpt":{"rendered":"<p>Znajd\u017a kurs dla siebie NOVA Szko\u0142a Ta\u0144ca proponuje szeroki wachlarz zaj\u0119\u0107 tanecznych,&#8230;<\/p>\n","protected":false},"author":2,"featured_media":0,"parent":0,"menu_order":0,"comment_status":"closed","ping_status":"closed","template":"page-templates\/page-dance-courses.php","meta":{"spay_email":""},"acf":[],"yoast_head":"<!-- This site is optimized with the Yoast SEO plugin v18.2 - https:\/\/yoast.com\/wordpress\/plugins\/seo\/ -->\n<title>Zapisy - Kurs ta\u0144ca Krak\u00f3w | novaszkolatanca.pl\/krakow\/<\/title>\n<meta name=\"robots\" content=\"index, follow, max-snippet:-1, max-image-preview:large, max-video-preview:-1\" \/>\n<link rel=\"canonical\" href=\"https:\/\/www.novaszkolatanca.pl\/krakow\/zapisy\" \/>\n<meta property=\"og:locale\" content=\"pl_PL\" \/>\n<meta property=\"og:type\" content=\"article\" \/>\n<meta property=\"og:title\" content=\"Zapisy - Kurs ta\u0144ca Krak\u00f3w | novaszkolatanca.pl\/krakow\/\" \/>\n<meta property=\"og:description\" content=\"Znajd\u017a kurs dla siebie NOVA Szko\u0142a Ta\u0144ca proponuje szeroki wachlarz zaj\u0119\u0107 tanecznych,...\" \/>\n<meta property=\"og:url\" content=\"https:\/\/www.novaszkolatanca.pl\/krakow\/zapisy\" \/>\n<meta property=\"og:site_name\" content=\"Kurs ta\u0144ca Krak\u00f3w | novaszkolatanca.pl\/krakow\/\" \/>\n<meta property=\"article:modified_time\" content=\"2025-10-31T07:50:47+00:00\" \/>\n<meta name=\"twitter:card\" content=\"summary\" \/>\n<script type=\"application\/ld+json\" class=\"yoast-schema-graph\">{\"@context\":\"https:\/\/schema.org\",\"@graph\":[{\"@type\":\"WebSite\",\"@id\":\"https:\/\/www.novaszkolatanca.pl\/krakow\/#website\",\"url\":\"https:\/\/www.novaszkolatanca.pl\/krakow\/\",\"name\":\"Kurs ta\u0144ca Krak\u00f3w | novaszkolatanca.pl\/krakow\/\",\"description\":\"Szko\u0142a ta\u0144ca z oddzia\u0142ami w Krakowie i Katowicach.\",\"potentialAction\":[{\"@type\":\"SearchAction\",\"target\":{\"@type\":\"EntryPoint\",\"urlTemplate\":\"https:\/\/www.novaszkolatanca.pl\/krakow\/?s={search_term_string}\"},\"query-input\":\"required name=search_term_string\"}],\"inLanguage\":\"pl-PL\"},{\"@type\":\"WebPage\",\"@id\":\"https:\/\/www.novaszkolatanca.pl\/krakow\/zapisy#webpage\",\"url\":\"https:\/\/www.novaszkolatanca.pl\/krakow\/zapisy\",\"name\":\"Zapisy - Kurs ta\u0144ca Krak\u00f3w | novaszkolatanca.pl\/krakow\/\",\"isPartOf\":{\"@id\":\"https:\/\/www.novaszkolatanca.pl\/krakow\/#website\"},\"datePublished\":\"2015-09-25T14:30:01+00:00\",\"dateModified\":\"2025-10-31T07:50:47+00:00\",\"breadcrumb\":{\"@id\":\"https:\/\/www.novaszkolatanca.pl\/krakow\/zapisy#breadcrumb\"},\"inLanguage\":\"pl-PL\",\"potentialAction\":[{\"@type\":\"ReadAction\",\"target\":[\"https:\/\/www.novaszkolatanca.pl\/krakow\/zapisy\"]}]},{\"@type\":\"BreadcrumbList\",\"@id\":\"https:\/\/www.novaszkolatanca.pl\/krakow\/zapisy#breadcrumb\",\"itemListElement\":[{\"@type\":\"ListItem\",\"position\":1,\"name\":\"Strona g\u0142\u00f3wna\",\"item\":\"https:\/\/www.novaszkolatanca.pl\/krakow\/\"},{\"@type\":\"ListItem\",\"position\":2,\"name\":\"Zapisy\"}]}]}<\/script>\n<!-- \/ Yoast SEO plugin. -->","yoast_head_json":{"title":"Zapisy - Kurs ta\u0144ca Krak\u00f3w | novaszkolatanca.pl\/krakow\/","robots":{"index":"index","follow":"follow","max-snippet":"max-snippet:-1","max-image-preview":"max-image-preview:large","max-video-preview":"max-video-preview:-1"},"canonical":"https:\/\/www.novaszkolatanca.pl\/krakow\/zapisy","og_locale":"pl_PL","og_type":"article","og_title":"Zapisy - Kurs ta\u0144ca Krak\u00f3w | novaszkolatanca.pl\/krakow\/","og_description":"Znajd\u017a kurs dla siebie NOVA Szko\u0142a Ta\u0144ca proponuje szeroki wachlarz zaj\u0119\u0107 tanecznych,...","og_url":"https:\/\/www.novaszkolatanca.pl\/krakow\/zapisy","og_site_name":"Kurs ta\u0144ca Krak\u00f3w | novaszkolatanca.pl\/krakow\/","article_modified_time":"2025-10-31T07:50:47+00:00","twitter_card":"summary","schema":{"@context":"https:\/\/schema.org","@graph":[{"@type":"WebSite","@id":"https:\/\/www.novaszkolatanca.pl\/krakow\/#website","url":"https:\/\/www.novaszkolatanca.pl\/krakow\/","name":"Kurs ta\u0144ca Krak\u00f3w | novaszkolatanca.pl\/krakow\/","description":"Szko\u0142a ta\u0144ca z oddzia\u0142ami w Krakowie i Katowicach.","potentialAction":[{"@type":"SearchAction","target":{"@type":"EntryPoint","urlTemplate":"https:\/\/www.novaszkolatanca.pl\/krakow\/?s={search_term_string}"},"query-input":"required name=search_term_string"}],"inLanguage":"pl-PL"},{"@type":"WebPage","@id":"https:\/\/www.novaszkolatanca.pl\/krakow\/zapisy#webpage","url":"https:\/\/www.novaszkolatanca.pl\/krakow\/zapisy","name":"Zapisy - Kurs ta\u0144ca Krak\u00f3w | novaszkolatanca.pl\/krakow\/","isPartOf":{"@id":"https:\/\/www.novaszkolatanca.pl\/krakow\/#website"},"datePublished":"2015-09-25T14:30:01+00:00","dateModified":"2025-10-31T07:50:47+00:00","breadcrumb":{"@id":"https:\/\/www.novaszkolatanca.pl\/krakow\/zapisy#breadcrumb"},"inLanguage":"pl-PL","potentialAction":[{"@type":"ReadAction","target":["https:\/\/www.novaszkolatanca.pl\/krakow\/zapisy"]}]},{"@type":"BreadcrumbList","@id":"https:\/\/www.novaszkolatanca.pl\/krakow\/zapisy#breadcrumb","itemListElement":[{"@type":"ListItem","position":1,"name":"Strona g\u0142\u00f3wna","item":"https:\/\/www.novaszkolatanca.pl\/krakow\/"},{"@type":"ListItem","position":2,"name":"Zapisy"}]}]}},"_links":{"self":[{"href":"https:\/\/www.novaszkolatanca.pl\/krakow\/wp-json\/wp\/v2\/pages\/73"}],"collection":[{"href":"https:\/\/www.novaszkolatanca.pl\/krakow\/wp-json\/wp\/v2\/pages"}],"about":[{"href":"https:\/\/www.novaszkolatanca.pl\/krakow\/wp-json\/wp\/v2\/types\/page"}],"author":[{"embeddable":true,"href":"https:\/\/www.novaszkolatanca.pl\/krakow\/wp-json\/wp\/v2\/users\/2"}],"replies":[{"embeddable":true,"href":"https:\/\/www.novaszkolatanca.pl\/krakow\/wp-json\/wp\/v2\/comments?post=73"}],"version-history":[{"count":5,"href":"https:\/\/www.novaszkolatanca.pl\/krakow\/wp-json\/wp\/v2\/pages\/73\/revisions"}],"predecessor-version":[{"id":19904,"href":"https:\/\/www.novaszkolatanca.pl\/krakow\/wp-json\/wp\/v2\/pages\/73\/revisions\/19904"}],"wp:attachment":[{"href":"https:\/\/www.novaszkolatanca.pl\/krakow\/wp-json\/wp\/v2\/media?parent=73"}],"curies":[{"name":"wp","href":"https:\/\/api.w.org\/{rel}","templated":true}]}}