{"id":49,"date":"2015-09-25T13:20:06","date_gmt":"2015-09-25T11:20:06","guid":{"rendered":"http:\/\/szkolatanca.mmdev.org\/?page_id=49"},"modified":"2025-09-13T15:23:06","modified_gmt":"2025-09-13T13:23:06","slug":"cennik","status":"publish","type":"page","link":"https:\/\/www.novaszkolatanca.pl\/krakow\/cennik","title":{"rendered":"Cennik"},"content":{"rendered":"<p><strong>Przed wyborem karnetu prosimy o zapoznanie si\u0119 z regulaminem szko\u0142y.<\/strong><\/p>\n<p><strong>Wszystkie ceny wyra\u017cono w z\u0142ot\u00f3wkach (PLN) i dotycz\u0105 p\u0142atno\u015bci od osoby. Ceny obowi\u0105zuj\u0105 od 1 wrze\u015bnia 2025 roku.<br \/>\n<\/strong><\/p>\n","protected":false},"excerpt":{"rendered":"<p>Przed wyborem karnetu prosimy o zapoznanie si\u0119 z regulaminem szko\u0142y. Wszystkie ceny&#8230;<\/p>\n","protected":false},"author":2,"featured_media":0,"parent":0,"menu_order":0,"comment_status":"closed","ping_status":"closed","template":"page-templates\/page-faq.php","meta":{"spay_email":""},"acf":[],"yoast_head":"<!-- This site is optimized with the Yoast SEO plugin v18.2 - https:\/\/yoast.com\/wordpress\/plugins\/seo\/ -->\n<title>Cennik - Kurs ta\u0144ca Krak\u00f3w | novaszkolatanca.pl\/krakow\/<\/title>\n<meta name=\"robots\" content=\"index, follow, max-snippet:-1, max-image-preview:large, max-video-preview:-1\" \/>\n<link rel=\"canonical\" href=\"https:\/\/www.novaszkolatanca.pl\/krakow\/cennik\" \/>\n<meta property=\"og:locale\" content=\"pl_PL\" \/>\n<meta property=\"og:type\" content=\"article\" \/>\n<meta property=\"og:title\" content=\"Cennik - Kurs ta\u0144ca Krak\u00f3w | novaszkolatanca.pl\/krakow\/\" \/>\n<meta property=\"og:description\" content=\"Przed wyborem karnetu prosimy o zapoznanie si\u0119 z regulaminem szko\u0142y. Wszystkie ceny...\" \/>\n<meta property=\"og:url\" content=\"https:\/\/www.novaszkolatanca.pl\/krakow\/cennik\" \/>\n<meta property=\"og:site_name\" content=\"Kurs ta\u0144ca Krak\u00f3w | novaszkolatanca.pl\/krakow\/\" \/>\n<meta property=\"article:modified_time\" content=\"2025-09-13T13:23:06+00:00\" \/>\n<meta name=\"twitter:card\" content=\"summary\" \/>\n<meta name=\"twitter:label1\" content=\"Szacowany czas czytania\" \/>\n\t<meta name=\"twitter:data1\" content=\"1 minuta\" \/>\n<script type=\"application\/ld+json\" class=\"yoast-schema-graph\">{\"@context\":\"https:\/\/schema.org\",\"@graph\":[{\"@type\":\"WebSite\",\"@id\":\"https:\/\/www.novaszkolatanca.pl\/krakow\/#website\",\"url\":\"https:\/\/www.novaszkolatanca.pl\/krakow\/\",\"name\":\"Kurs ta\u0144ca Krak\u00f3w | novaszkolatanca.pl\/krakow\/\",\"description\":\"Szko\u0142a ta\u0144ca z oddzia\u0142ami w Krakowie i Katowicach.\",\"potentialAction\":[{\"@type\":\"SearchAction\",\"target\":{\"@type\":\"EntryPoint\",\"urlTemplate\":\"https:\/\/www.novaszkolatanca.pl\/krakow\/?s={search_term_string}\"},\"query-input\":\"required name=search_term_string\"}],\"inLanguage\":\"pl-PL\"},{\"@type\":\"WebPage\",\"@id\":\"https:\/\/www.novaszkolatanca.pl\/krakow\/cennik#webpage\",\"url\":\"https:\/\/www.novaszkolatanca.pl\/krakow\/cennik\",\"name\":\"Cennik - Kurs ta\u0144ca Krak\u00f3w | novaszkolatanca.pl\/krakow\/\",\"isPartOf\":{\"@id\":\"https:\/\/www.novaszkolatanca.pl\/krakow\/#website\"},\"datePublished\":\"2015-09-25T11:20:06+00:00\",\"dateModified\":\"2025-09-13T13:23:06+00:00\",\"breadcrumb\":{\"@id\":\"https:\/\/www.novaszkolatanca.pl\/krakow\/cennik#breadcrumb\"},\"inLanguage\":\"pl-PL\",\"potentialAction\":[{\"@type\":\"ReadAction\",\"target\":[\"https:\/\/www.novaszkolatanca.pl\/krakow\/cennik\"]}]},{\"@type\":\"BreadcrumbList\",\"@id\":\"https:\/\/www.novaszkolatanca.pl\/krakow\/cennik#breadcrumb\",\"itemListElement\":[{\"@type\":\"ListItem\",\"position\":1,\"name\":\"Strona g\u0142\u00f3wna\",\"item\":\"https:\/\/www.novaszkolatanca.pl\/krakow\/\"},{\"@type\":\"ListItem\",\"position\":2,\"name\":\"Cennik\"}]}]}<\/script>\n<!-- \/ Yoast SEO plugin. -->","yoast_head_json":{"title":"Cennik - Kurs ta\u0144ca Krak\u00f3w | novaszkolatanca.pl\/krakow\/","robots":{"index":"index","follow":"follow","max-snippet":"max-snippet:-1","max-image-preview":"max-image-preview:large","max-video-preview":"max-video-preview:-1"},"canonical":"https:\/\/www.novaszkolatanca.pl\/krakow\/cennik","og_locale":"pl_PL","og_type":"article","og_title":"Cennik - Kurs ta\u0144ca Krak\u00f3w | novaszkolatanca.pl\/krakow\/","og_description":"Przed wyborem karnetu prosimy o zapoznanie si\u0119 z regulaminem szko\u0142y. Wszystkie ceny...","og_url":"https:\/\/www.novaszkolatanca.pl\/krakow\/cennik","og_site_name":"Kurs ta\u0144ca Krak\u00f3w | novaszkolatanca.pl\/krakow\/","article_modified_time":"2025-09-13T13:23:06+00:00","twitter_card":"summary","twitter_misc":{"Szacowany czas czytania":"1 minuta"},"schema":{"@context":"https:\/\/schema.org","@graph":[{"@type":"WebSite","@id":"https:\/\/www.novaszkolatanca.pl\/krakow\/#website","url":"https:\/\/www.novaszkolatanca.pl\/krakow\/","name":"Kurs ta\u0144ca Krak\u00f3w | novaszkolatanca.pl\/krakow\/","description":"Szko\u0142a ta\u0144ca z oddzia\u0142ami w Krakowie i Katowicach.","potentialAction":[{"@type":"SearchAction","target":{"@type":"EntryPoint","urlTemplate":"https:\/\/www.novaszkolatanca.pl\/krakow\/?s={search_term_string}"},"query-input":"required name=search_term_string"}],"inLanguage":"pl-PL"},{"@type":"WebPage","@id":"https:\/\/www.novaszkolatanca.pl\/krakow\/cennik#webpage","url":"https:\/\/www.novaszkolatanca.pl\/krakow\/cennik","name":"Cennik - Kurs ta\u0144ca Krak\u00f3w | novaszkolatanca.pl\/krakow\/","isPartOf":{"@id":"https:\/\/www.novaszkolatanca.pl\/krakow\/#website"},"datePublished":"2015-09-25T11:20:06+00:00","dateModified":"2025-09-13T13:23:06+00:00","breadcrumb":{"@id":"https:\/\/www.novaszkolatanca.pl\/krakow\/cennik#breadcrumb"},"inLanguage":"pl-PL","potentialAction":[{"@type":"ReadAction","target":["https:\/\/www.novaszkolatanca.pl\/krakow\/cennik"]}]},{"@type":"BreadcrumbList","@id":"https:\/\/www.novaszkolatanca.pl\/krakow\/cennik#breadcrumb","itemListElement":[{"@type":"ListItem","position":1,"name":"Strona g\u0142\u00f3wna","item":"https:\/\/www.novaszkolatanca.pl\/krakow\/"},{"@type":"ListItem","position":2,"name":"Cennik"}]}]}},"_links":{"self":[{"href":"https:\/\/www.novaszkolatanca.pl\/krakow\/wp-json\/wp\/v2\/pages\/49"}],"collection":[{"href":"https:\/\/www.novaszkolatanca.pl\/krakow\/wp-json\/wp\/v2\/pages"}],"about":[{"href":"https:\/\/www.novaszkolatanca.pl\/krakow\/wp-json\/wp\/v2\/types\/page"}],"author":[{"embeddable":true,"href":"https:\/\/www.novaszkolatanca.pl\/krakow\/wp-json\/wp\/v2\/users\/2"}],"replies":[{"embeddable":true,"href":"https:\/\/www.novaszkolatanca.pl\/krakow\/wp-json\/wp\/v2\/comments?post=49"}],"version-history":[{"count":62,"href":"https:\/\/www.novaszkolatanca.pl\/krakow\/wp-json\/wp\/v2\/pages\/49\/revisions"}],"predecessor-version":[{"id":18789,"href":"https:\/\/www.novaszkolatanca.pl\/krakow\/wp-json\/wp\/v2\/pages\/49\/revisions\/18789"}],"wp:attachment":[{"href":"https:\/\/www.novaszkolatanca.pl\/krakow\/wp-json\/wp\/v2\/media?parent=49"}],"curies":[{"name":"wp","href":"https:\/\/api.w.org\/{rel}","templated":true}]}}