{"id":142,"date":"2015-10-16T15:56:03","date_gmt":"2015-10-16T13:56:03","guid":{"rendered":"http:\/\/szkolatanca.mmdev.org\/?page_id=142"},"modified":"2019-01-21T18:55:35","modified_gmt":"2019-01-21T17:55:35","slug":"o-nas","status":"publish","type":"page","link":"https:\/\/www.novaszkolatanca.pl\/krakow\/o-nas","title":{"rendered":"O nas"},"content":{"rendered":"<p><img loading=\"lazy\" class=\"size-full wp-image-271 alignright\" src=\"http:\/\/www.novaszkolatanca.pl\/krakow\/wp-content\/uploads\/2015\/10\/1-logo-e1450036640715.jpg\" alt=\"1 logo\" width=\"560\" height=\"355\" \/><strong>Szko\u0142a powsta\u0142a w 2007 roku jako krakowski oddzia\u0142 najwi\u0119kszej na rynku \u015bl\u0105skim Szko\u0142y Ta\u0144ca Nova.<\/strong><\/p>\n<p style=\"text-align: justify;\"><strong>Dostosowuj\u0105c si\u0119 do specyficznego klimatu i warunk\u00f3w miasta , w kt\u00f3rym nasza szko\u0142a si\u0119 znajduje, obrali\u015bmy w\u0142asn\u0105 drog\u0119, pozwalaj\u0105c\u0105 sprosta\u0107 oczekiwaniom wyj\u0105tkowego krakowskiego klienta.<\/strong><\/p>\n<p><strong>Postawili\u015bmy na kameralno\u015b\u0107 i indywidualizm. Niewielkie grupy sprawiaj\u0105, \u017ce nikt nie jest anonimowy, a \u015bcis\u0142y kontakt z instruktorem i mi\u0142a atmosfera s\u0105 gwarancj\u0105 efektywnej nauki i przyjemnie sp\u0119dzonego czasu. Niew\u0105tpliwie pomaga w tym dobra lokalizacja, w samym sercu Krakowa &#8211; 5 min piechot\u0105 do Rynku G\u0142\u00f3wnego oraz dogodny dojazd tramwajowy i autobusowy. Urokliwa\u00a0 kamienica z pe\u0142n\u0105 klimatu sal\u0105 taneczn\u0105, wyposa\u017con\u0105 we wszystko co trzeba: lustra, olejowany, d\u0119bowy parkiet na drewnianych legarach, sal\u0119 z wentylacj\u0105 i klimatyzacj\u0105 i ostatnio zakupionym oczyszczaczem powietrza.<\/strong><\/p>\n<p><strong>Dbamy o jako\u015b\u0107- zar\u00f3wno w metodach nauczania, obs\u0142udze naszych go\u015bci, jak i tworzeniu przyjaznego, komfortowego miejsca do aktywnego wypoczynku. Nauka ta\u0144ca musi by\u0107 przyjemna. Instruktorzy to nie tylko \u015bwietni tancerze i przemili ludzie ale przede wszystkim utalentowani , wykwalifikowani nauczyciele &#8211; obdarzeni charyzm\u0105 i pasj\u0105.<\/strong><\/p>\n<p><strong>Oferta kurs\u00f3w tanecznych skierowana jest przede wszystkim do os\u00f3b doros\u0142ych, ale znajdzie si\u0119 r\u00f3wnie\u017c co\u015b dla m\u0142odzie\u017cy. Techniki ta\u0144ca nowoczesnego, wsp\u00f3\u0142czesnego, klasycznego. Orientalny taniec brzucha lub latynoska salsa. Dla par- taniec towarzyski, u\u017cytkowy discofox czy tango argenty\u0144skie. Wiele kultur, inspiracji muzycznych i styl\u00f3w tanecznych, jeszcze wi\u0119cej mo\u017cliwo\u015bci aby uwolni\u0107 endorfiny i poczu\u0107 si\u0119 lepiej w swoim ciele ka\u017cdego dnia.<\/strong><\/p>\n<p><strong>To miejsce tworz\u0105 ludzie &#8211; my do\u0142o\u017cymy wszelkich stara\u0144 by do nas ch\u0119tnie wracali.<\/strong><\/p>\n<p>&nbsp;<\/p>\n","protected":false},"excerpt":{"rendered":"<p>Szko\u0142a powsta\u0142a w 2007 roku jako krakowski oddzia\u0142 najwi\u0119kszej na rynku \u015bl\u0105skim&#8230;<\/p>\n","protected":false},"author":2,"featured_media":0,"parent":0,"menu_order":0,"comment_status":"closed","ping_status":"closed","template":"","meta":{"spay_email":""},"acf":[],"yoast_head":"<!-- This site is optimized with the Yoast SEO plugin v18.2 - https:\/\/yoast.com\/wordpress\/plugins\/seo\/ -->\n<title>O nas - Kurs ta\u0144ca Krak\u00f3w | novaszkolatanca.pl\/krakow\/<\/title>\n<meta name=\"robots\" content=\"index, follow, max-snippet:-1, max-image-preview:large, max-video-preview:-1\" \/>\n<link rel=\"canonical\" href=\"https:\/\/www.novaszkolatanca.pl\/krakow\/o-nas\" \/>\n<meta property=\"og:locale\" content=\"pl_PL\" \/>\n<meta property=\"og:type\" content=\"article\" \/>\n<meta property=\"og:title\" content=\"O nas - Kurs ta\u0144ca Krak\u00f3w | novaszkolatanca.pl\/krakow\/\" \/>\n<meta property=\"og:description\" content=\"Szko\u0142a powsta\u0142a w 2007 roku jako krakowski oddzia\u0142 najwi\u0119kszej na rynku \u015bl\u0105skim...\" \/>\n<meta property=\"og:url\" content=\"https:\/\/www.novaszkolatanca.pl\/krakow\/o-nas\" \/>\n<meta property=\"og:site_name\" content=\"Kurs ta\u0144ca Krak\u00f3w | novaszkolatanca.pl\/krakow\/\" \/>\n<meta property=\"article:modified_time\" content=\"2019-01-21T17:55:35+00:00\" \/>\n<meta property=\"og:image\" content=\"http:\/\/www.novaszkolatanca.pl\/krakow\/wp-content\/uploads\/2015\/10\/1-logo-e1450036640715.jpg\" \/>\n<meta name=\"twitter:card\" content=\"summary\" \/>\n<meta name=\"twitter:label1\" content=\"Szacowany czas czytania\" \/>\n\t<meta name=\"twitter:data1\" content=\"1 minuta\" \/>\n<script type=\"application\/ld+json\" class=\"yoast-schema-graph\">{\"@context\":\"https:\/\/schema.org\",\"@graph\":[{\"@type\":\"WebSite\",\"@id\":\"https:\/\/www.novaszkolatanca.pl\/krakow\/#website\",\"url\":\"https:\/\/www.novaszkolatanca.pl\/krakow\/\",\"name\":\"Kurs ta\u0144ca Krak\u00f3w | novaszkolatanca.pl\/krakow\/\",\"description\":\"Szko\u0142a ta\u0144ca z oddzia\u0142ami w Krakowie i Katowicach.\",\"potentialAction\":[{\"@type\":\"SearchAction\",\"target\":{\"@type\":\"EntryPoint\",\"urlTemplate\":\"https:\/\/www.novaszkolatanca.pl\/krakow\/?s={search_term_string}\"},\"query-input\":\"required name=search_term_string\"}],\"inLanguage\":\"pl-PL\"},{\"@type\":\"ImageObject\",\"@id\":\"https:\/\/www.novaszkolatanca.pl\/krakow\/o-nas#primaryimage\",\"inLanguage\":\"pl-PL\",\"url\":\"http:\/\/www.novaszkolatanca.pl\/krakow\/wp-content\/uploads\/2015\/10\/1-logo-e1450036640715.jpg\",\"contentUrl\":\"http:\/\/www.novaszkolatanca.pl\/krakow\/wp-content\/uploads\/2015\/10\/1-logo-e1450036640715.jpg\"},{\"@type\":\"WebPage\",\"@id\":\"https:\/\/www.novaszkolatanca.pl\/krakow\/o-nas#webpage\",\"url\":\"https:\/\/www.novaszkolatanca.pl\/krakow\/o-nas\",\"name\":\"O nas - Kurs ta\u0144ca Krak\u00f3w | novaszkolatanca.pl\/krakow\/\",\"isPartOf\":{\"@id\":\"https:\/\/www.novaszkolatanca.pl\/krakow\/#website\"},\"primaryImageOfPage\":{\"@id\":\"https:\/\/www.novaszkolatanca.pl\/krakow\/o-nas#primaryimage\"},\"datePublished\":\"2015-10-16T13:56:03+00:00\",\"dateModified\":\"2019-01-21T17:55:35+00:00\",\"breadcrumb\":{\"@id\":\"https:\/\/www.novaszkolatanca.pl\/krakow\/o-nas#breadcrumb\"},\"inLanguage\":\"pl-PL\",\"potentialAction\":[{\"@type\":\"ReadAction\",\"target\":[\"https:\/\/www.novaszkolatanca.pl\/krakow\/o-nas\"]}]},{\"@type\":\"BreadcrumbList\",\"@id\":\"https:\/\/www.novaszkolatanca.pl\/krakow\/o-nas#breadcrumb\",\"itemListElement\":[{\"@type\":\"ListItem\",\"position\":1,\"name\":\"Strona g\u0142\u00f3wna\",\"item\":\"https:\/\/www.novaszkolatanca.pl\/krakow\/\"},{\"@type\":\"ListItem\",\"position\":2,\"name\":\"O nas\"}]}]}<\/script>\n<!-- \/ Yoast SEO plugin. -->","yoast_head_json":{"title":"O nas - Kurs ta\u0144ca Krak\u00f3w | novaszkolatanca.pl\/krakow\/","robots":{"index":"index","follow":"follow","max-snippet":"max-snippet:-1","max-image-preview":"max-image-preview:large","max-video-preview":"max-video-preview:-1"},"canonical":"https:\/\/www.novaszkolatanca.pl\/krakow\/o-nas","og_locale":"pl_PL","og_type":"article","og_title":"O nas - Kurs ta\u0144ca Krak\u00f3w | novaszkolatanca.pl\/krakow\/","og_description":"Szko\u0142a powsta\u0142a w 2007 roku jako krakowski oddzia\u0142 najwi\u0119kszej na rynku \u015bl\u0105skim...","og_url":"https:\/\/www.novaszkolatanca.pl\/krakow\/o-nas","og_site_name":"Kurs ta\u0144ca Krak\u00f3w | novaszkolatanca.pl\/krakow\/","article_modified_time":"2019-01-21T17:55:35+00:00","og_image":[{"url":"http:\/\/www.novaszkolatanca.pl\/krakow\/wp-content\/uploads\/2015\/10\/1-logo-e1450036640715.jpg"}],"twitter_card":"summary","twitter_misc":{"Szacowany czas czytania":"1 minuta"},"schema":{"@context":"https:\/\/schema.org","@graph":[{"@type":"WebSite","@id":"https:\/\/www.novaszkolatanca.pl\/krakow\/#website","url":"https:\/\/www.novaszkolatanca.pl\/krakow\/","name":"Kurs ta\u0144ca Krak\u00f3w | novaszkolatanca.pl\/krakow\/","description":"Szko\u0142a ta\u0144ca z oddzia\u0142ami w Krakowie i Katowicach.","potentialAction":[{"@type":"SearchAction","target":{"@type":"EntryPoint","urlTemplate":"https:\/\/www.novaszkolatanca.pl\/krakow\/?s={search_term_string}"},"query-input":"required name=search_term_string"}],"inLanguage":"pl-PL"},{"@type":"ImageObject","@id":"https:\/\/www.novaszkolatanca.pl\/krakow\/o-nas#primaryimage","inLanguage":"pl-PL","url":"http:\/\/www.novaszkolatanca.pl\/krakow\/wp-content\/uploads\/2015\/10\/1-logo-e1450036640715.jpg","contentUrl":"http:\/\/www.novaszkolatanca.pl\/krakow\/wp-content\/uploads\/2015\/10\/1-logo-e1450036640715.jpg"},{"@type":"WebPage","@id":"https:\/\/www.novaszkolatanca.pl\/krakow\/o-nas#webpage","url":"https:\/\/www.novaszkolatanca.pl\/krakow\/o-nas","name":"O nas - Kurs ta\u0144ca Krak\u00f3w | novaszkolatanca.pl\/krakow\/","isPartOf":{"@id":"https:\/\/www.novaszkolatanca.pl\/krakow\/#website"},"primaryImageOfPage":{"@id":"https:\/\/www.novaszkolatanca.pl\/krakow\/o-nas#primaryimage"},"datePublished":"2015-10-16T13:56:03+00:00","dateModified":"2019-01-21T17:55:35+00:00","breadcrumb":{"@id":"https:\/\/www.novaszkolatanca.pl\/krakow\/o-nas#breadcrumb"},"inLanguage":"pl-PL","potentialAction":[{"@type":"ReadAction","target":["https:\/\/www.novaszkolatanca.pl\/krakow\/o-nas"]}]},{"@type":"BreadcrumbList","@id":"https:\/\/www.novaszkolatanca.pl\/krakow\/o-nas#breadcrumb","itemListElement":[{"@type":"ListItem","position":1,"name":"Strona g\u0142\u00f3wna","item":"https:\/\/www.novaszkolatanca.pl\/krakow\/"},{"@type":"ListItem","position":2,"name":"O nas"}]}]}},"_links":{"self":[{"href":"https:\/\/www.novaszkolatanca.pl\/krakow\/wp-json\/wp\/v2\/pages\/142"}],"collection":[{"href":"https:\/\/www.novaszkolatanca.pl\/krakow\/wp-json\/wp\/v2\/pages"}],"about":[{"href":"https:\/\/www.novaszkolatanca.pl\/krakow\/wp-json\/wp\/v2\/types\/page"}],"author":[{"embeddable":true,"href":"https:\/\/www.novaszkolatanca.pl\/krakow\/wp-json\/wp\/v2\/users\/2"}],"replies":[{"embeddable":true,"href":"https:\/\/www.novaszkolatanca.pl\/krakow\/wp-json\/wp\/v2\/comments?post=142"}],"version-history":[{"count":1,"href":"https:\/\/www.novaszkolatanca.pl\/krakow\/wp-json\/wp\/v2\/pages\/142\/revisions"}],"predecessor-version":[{"id":281,"href":"https:\/\/www.novaszkolatanca.pl\/krakow\/wp-json\/wp\/v2\/pages\/142\/revisions\/281"}],"wp:attachment":[{"href":"https:\/\/www.novaszkolatanca.pl\/krakow\/wp-json\/wp\/v2\/media?parent=142"}],"curies":[{"name":"wp","href":"https:\/\/api.w.org\/{rel}","templated":true}]}}