{"id":2847,"date":"2024-10-23T08:36:13","date_gmt":"2024-10-23T08:36:13","guid":{"rendered":"https:\/\/www.novaszkolatanca.pl\/katowice\/?page_id=2847"},"modified":"2026-01-20T23:15:20","modified_gmt":"2026-01-20T23:15:20","slug":"taniec-wspolczesny","status":"publish","type":"page","link":"https:\/\/www.novaszkolatanca.pl\/katowice\/zajecia\/jazzowo\/taniec-wspolczesny\/","title":{"rendered":"Taniec Wsp\u00f3\u0142czesny"},"content":{"rendered":"<p>[et_pb_section fb_built=&#8221;1&#8243; _builder_version=&#8221;4.27.4&#8243; _dynamic_attributes=&#8221;background_image&#8221; _module_preset=&#8221;default&#8221; background_color=&#8221;rgba(0,0,0,0.85)&#8221; background_image=&#8221;@ET-DC@eyJkeW5hbWljIjp0cnVlLCJjb250ZW50IjoicG9zdF9mZWF0dXJlZF9pbWFnZSIsInNldHRpbmdzIjp7fX0=@&#8221; parallax=&#8221;on&#8221; background_blend=&#8221;overlay&#8221; custom_padding=&#8221;0px||0px|0px|false|false&#8221; global_module=&#8221;2379&#8243; saved_tabs=&#8221;all&#8221; global_colors_info=&#8221;{}&#8221;][et_pb_row column_structure=&#8221;1_4,3_4&#8243; use_custom_gutter=&#8221;on&#8221; gutter_width=&#8221;1&#8243; make_equal=&#8221;on&#8221; _builder_version=&#8221;4.27.2&#8243; _module_preset=&#8221;default&#8221; background_color=&#8221;rgba(0,0,0,0.88)&#8221; width=&#8221;100%&#8221; max_width=&#8221;2560px&#8221; module_alignment=&#8221;left&#8221; custom_padding=&#8221;40px||40px|10%|true|false&#8221; global_colors_info=&#8221;{}&#8221;][et_pb_column type=&#8221;1_4&#8243; _builder_version=&#8221;4.23.4&#8243; _module_preset=&#8221;default&#8221; background_enable_color=&#8221;off&#8221; custom_css_main_element=&#8221;display: flex;||width:40px !important;||    align-items: center; \/* Wy\u015brodkowanie pionowe *\/||    flex-wrap: wrap;||&#8221; global_colors_info=&#8221;{}&#8221;][et_pb_social_media_follow icon_color=&#8221;#FFFFFF&#8221; use_icon_font_size=&#8221;on&#8221; icon_font_size=&#8221;18px&#8221; disabled_on=&#8221;on|on|off&#8221; _builder_version=&#8221;4.27.4&#8243; _module_preset=&#8221;default&#8221; text_orientation=&#8221;left&#8221; height=&#8221;100%&#8221; custom_margin=&#8221;0px||||false|false&#8221; custom_margin_tablet=&#8221;50px||||false|false&#8221; custom_margin_phone=&#8221;0px||||false|false&#8221; custom_margin_last_edited=&#8221;off|desktop&#8221; custom_padding=&#8221;80px||80px||false|false&#8221; custom_padding_tablet=&#8221;80px||80px||false|false&#8221; custom_padding_phone=&#8221;20px||0px||false|false&#8221; custom_padding_last_edited=&#8221;on|phone&#8221; custom_css_before=&#8221;    content: &#8221;;||    width: 1px;||    height: 69px;||    border-top: 69px solid #fff;||    position: absolute;||    top: -0;||    left: 50%;&#8221; custom_css_main_element=&#8221;display:inline-block;||width:40px;||float:left;||&#8221; custom_css_after=&#8221;    content: &#8221;;||    width: 1px;||    height: 69px;||    border-bottom: 69px solid #fff;||    position: absolute;||    left: 50%;||bottom: 0;||visibility: visible;&#8221; border_radii=&#8221;on|100px|100px|100px|100px&#8221; global_colors_info=&#8221;{}&#8221; custom_css_main_element_last_edited=&#8221;on|phone&#8221; custom_css_main_element_phone=&#8221;display:block;||width:100% !important;&#8221; custom_css_main_element_tablet=&#8221;display:inline-block;||width:40px;||float:left;&#8221; custom_css_before_last_edited=&#8221;on|phone&#8221; custom_css_before_phone=&#8221;display:none;&#8221; custom_css_after_last_edited=&#8221;on|phone&#8221; custom_css_after_phone=&#8221;display:none;&#8221; custom_css_before_tablet=&#8221;    content: &#8221;;||    width: 1px;||    height: 69px;||    border-top: 69px solid #fff;||    position: absolute;||    top: -0;||    left: 50%;&#8221; custom_css_after_tablet=&#8221;    content: &#8221;;||    width: 1px;||    height: 69px;||    border-bottom: 69px solid #fff;||    position: absolute;||    left: 50%;||bottom: 0;||visibility: visible;&#8221;][et_pb_social_media_follow_network social_network=&#8221;facebook&#8221; url=&#8221;https:\/\/www.facebook.com\/novaszkolatanca.katowice&#8221; _builder_version=&#8221;4.27.4&#8243; _module_preset=&#8221;default&#8221; background_color=&#8221;#EC673C&#8221; background_enable_color=&#8221;on&#8221; global_colors_info=&#8221;{}&#8221; follow_button=&#8221;off&#8221; url_new_window=&#8221;on&#8221;]facebook[\/et_pb_social_media_follow_network][et_pb_social_media_follow_network social_network=&#8221;instagram&#8221; url=&#8221;http:\/\/instagram.com\/novaszkolatancakatowice\/&#8221; _builder_version=&#8221;4.27.4&#8243; _module_preset=&#8221;default&#8221; background_color=&#8221;#EC673C&#8221; background_enable_color=&#8221;on&#8221; global_colors_info=&#8221;{}&#8221; follow_button=&#8221;off&#8221; url_new_window=&#8221;on&#8221;]instagram[\/et_pb_social_media_follow_network][et_pb_social_media_follow_network social_network=&#8221;youtube&#8221; url=&#8221;https:\/\/www.youtube.com\/@novaszkolatancakatowice&#8221; _builder_version=&#8221;4.27.4&#8243; _module_preset=&#8221;default&#8221; background_color=&#8221;#EC673C&#8221; background_enable_color=&#8221;on&#8221; border_radii=&#8221;on|100px|100px|100px|100px&#8221; global_colors_info=&#8221;{}&#8221; follow_button=&#8221;off&#8221; url_new_window=&#8221;on&#8221;]youtube[\/et_pb_social_media_follow_network][\/et_pb_social_media_follow][\/et_pb_column][et_pb_column type=&#8221;3_4&#8243; _builder_version=&#8221;4.27.2&#8243; _module_preset=&#8221;default&#8221; background_color=&#8221;RGBA(255,255,255,0)&#8221; custom_padding=&#8221;|0px|||false|false&#8221; custom_css_main_element=&#8221;display: flex;||align-items: center; ||width:100% !important;||    flex-wrap: wrap;||&#8221; global_colors_info=&#8221;{}&#8221;][et_pb_text _builder_version=&#8221;4.27.4&#8243; _module_preset=&#8221;default&#8221; text_font=&#8221;Inter||||||||&#8221; text_text_color=&#8221;#FFFFFF&#8221; text_font_size=&#8221;18px&#8221; text_line_height=&#8221;1.6em&#8221; header_font=&#8221;Oswald|700||on|||||&#8221; header_text_color=&#8221;#FFFFFF&#8221; header_font_size=&#8221;85px&#8221; header_line_height=&#8221;1.2em&#8221; header_3_font=&#8221;Oswald|600||on|||||&#8221; header_3_text_color=&#8221;#FFFFFF&#8221; header_3_font_size=&#8221;70px&#8221; use_background_color_gradient=&#8221;on&#8221; background_color_gradient_direction=&#8221;90deg&#8221; background_color_gradient_stops=&#8221;rgba(236,103,60,0.52) 12%|rgba(163,2,50,0) 93%&#8221; width_tablet=&#8221;100%&#8221; width_phone=&#8221;95%&#8221; width_last_edited=&#8221;on|tablet&#8221; custom_margin=&#8221;60px|||18px|false|false&#8221; custom_margin_tablet=&#8221;||30px|18px|false|false&#8221; custom_margin_phone=&#8221;20px||30px|0px|false|false&#8221; custom_margin_last_edited=&#8221;on|phone&#8221; custom_padding=&#8221;20px||30px|20px|false|false&#8221; animation_style=&#8221;slide&#8221; animation_direction=&#8221;right&#8221; animation_intensity_slide=&#8221;5%&#8221; header_font_size_tablet=&#8221;80px&#8221; header_font_size_phone=&#8221;50px&#8221; header_font_size_last_edited=&#8221;on|phone&#8221; header_3_font_size_tablet=&#8221;60px&#8221; header_3_font_size_phone=&#8221;40px&#8221; header_3_font_size_last_edited=&#8221;on|tablet&#8221; custom_css_main_element=&#8221;font-weight:400;||display:inline-block;||width:50%;||&#8221; global_colors_info=&#8221;{}&#8221; custom_css_main_element_last_edited=&#8221;on|phone&#8221; custom_css_main_element_phone=&#8221;width:95% !important;&#8221; custom_css_main_element_tablet=&#8221;font-weight:400;||width:90% !important;||float:left !important;&#8221;]<\/p>\n<h1>Jazzowo<\/h1>\n<p>[\/et_pb_text][et_pb_text _builder_version=&#8221;4.27.4&#8243; _module_preset=&#8221;default&#8221; text_font=&#8221;Oswald||||||||&#8221; text_font_size=&#8221;18px&#8221; background_enable_color=&#8221;off&#8221; custom_margin=&#8221;|||20px|false|false&#8221; animation_style=&#8221;fade&#8221; custom_css_main_element=&#8221;width:100vw !important;||&#8221; global_colors_info=&#8221;{}&#8221; custom_css_main_element_last_edited=&#8221;on|phone&#8221; custom_css_main_element_phone=&#8221;width:90% !important;||&#8221; custom_css_main_element_tablet=&#8221;width:100vw !important;||&#8221;]<\/p>\n<div class=\"subpages-menu\"><a href=\"https:\/\/www.novaszkolatanca.pl\/katowice\/zajecia\/jazzowo\/taniec-wspolczesny\/\" class=\"subpage-link active\">Taniec Wsp\u00f3\u0142czesny<\/a> <a href=\"https:\/\/www.novaszkolatanca.pl\/katowice\/zajecia\/jazzowo\/contemporary-jazz\/\" class=\"subpage-link \">Contemporary Jazz<\/a> <a href=\"https:\/\/www.novaszkolatanca.pl\/katowice\/zajecia\/jazzowo\/teatr-tanca-vivo\/\" class=\"subpage-link \">Teatr Ta\u0144ca Vivo<\/a> <a href=\"https:\/\/www.novaszkolatanca.pl\/katowice\/zajecia\/jazzowo\/balet\/\" class=\"subpage-link \">Balet<\/a> <\/div>\n<p>[\/et_pb_text][\/et_pb_column][\/et_pb_row][\/et_pb_section][et_pb_section fb_built=&#8221;1&#8243; _builder_version=&#8221;4.23.4&#8243; _module_preset=&#8221;default&#8221; background_image=&#8221;https:\/\/www.novaszkolatanca.pl\/katowice\/wp-content\/uploads\/2024\/03\/dance-bg-scaled-1.jpg&#8221; global_colors_info=&#8221;{}&#8221;][et_pb_row column_structure=&#8221;2_3,1_3&#8243; _builder_version=&#8221;4.27.4&#8243; _module_preset=&#8221;default&#8221; max_width=&#8221;2560px&#8221; custom_padding=&#8221;|||2px||&#8221; global_colors_info=&#8221;{}&#8221;][et_pb_column type=&#8221;2_3&#8243; _builder_version=&#8221;4.27.4&#8243; _module_preset=&#8221;default&#8221; global_colors_info=&#8221;{}&#8221;][et_pb_text module_class=&#8221;zajecia_opis&#8221; _builder_version=&#8221;4.27.4&#8243; _module_preset=&#8221;default&#8221; text_font=&#8221;Oswald|300|||||||&#8221; text_text_color=&#8221;#FFFFFF&#8221; text_font_size=&#8221;16px&#8221; header_2_font=&#8221;Oswald|700|||||||&#8221; header_2_text_color=&#8221;#EC673C&#8221; inline_fonts=&#8221;Montserrat,League Spartan&#8221; global_colors_info=&#8221;{}&#8221;]<\/p>\n<h2>Taniec Wsp\u00f3\u0142czesny<\/h2>\n<p data-start=\"0\" data-end=\"283\">Zaj\u0119cia <strong data-start=\"8\" data-end=\"30\">Ta\u0144ca Wsp\u00f3\u0142czesnego<\/strong> skupiaj\u0105 si\u0119 na technice i \u015bwiadomej pracy ca\u0142ego cia\u0142a &#8211; ci\u0119\u017caru, oddechu, kierunku i kontroli. To styl, w kt\u00f3rym wa\u017cne s\u0105 <strong data-start=\"154\" data-end=\"170\">jako\u015b\u0107 ruchu<\/strong>, zmiany dynamiki (mi\u0119kko\/twardo, szybko\/wolno) oraz to, jak ruch przechodzi przez cia\u0142o.<\/p>\n<p data-start=\"285\" data-end=\"633\">Na zaj\u0119ciach pracujemy nad elementami technik wsp\u00f3\u0142czesnych: <strong data-start=\"346\" data-end=\"365\">fall &amp; recovery<\/strong> (praca z grawitacj\u0105), <strong data-start=\"388\" data-end=\"412\">kontrakcja i release<\/strong>, spirale, koordynacja, stabilizacja i p\u0142ynne przej\u015bcia mi\u0119dzy poziomami. Du\u017cy nacisk k\u0142adziemy na <strong data-start=\"511\" data-end=\"523\">technik\u0119 <\/strong>&#8211; ustawienie cia\u0142a, kontrol\u0119, czysto\u015b\u0107 ruchu i muzykalno\u015b\u0107.<\/p>\n<ul><\/ul>\n<p>[\/et_pb_text][\/et_pb_column][et_pb_column type=&#8221;1_3&#8243; module_class=&#8221;column-dodatkowe-info&#8221; _builder_version=&#8221;4.27.4&#8243; _module_preset=&#8221;default&#8221; background_enable_color=&#8221;off&#8221; custom_padding=&#8221;30px|20px|20px|30px|false|false&#8221; box_shadow_style=&#8221;preset2&#8243; box_shadow_color=&#8221;rgba(236,103,60,0.44)&#8221; global_colors_info=&#8221;{}&#8221;][et_pb_text module_class=&#8221;zajecia_dodatkowe_info&#8221; _builder_version=&#8221;4.27.4&#8243; _module_preset=&#8221;default&#8221; text_font=&#8221;Montserrat||||||||&#8221; text_font_size=&#8221;16px&#8221; ul_text_color=&#8221;#FFFFFF&#8221; ol_text_color=&#8221;#FFFFFF&#8221; header_4_font=&#8221;League Spartan|600|||||||&#8221; header_4_text_color=&#8221;#EC673C&#8221; background_layout=&#8221;dark&#8221; custom_margin=&#8221;||||false|false&#8221; custom_padding=&#8221;||||false|false&#8221; inline_fonts=&#8221;Montserrat,League Spartan&#8221; global_colors_info=&#8221;{}&#8221;]<\/p>\n<h4>PROWADZ\u0104CY<\/h4>\n<p>Nie znaleziono instruktor\u00f3w w tej kategorii.<\/p>\n<p>[\/et_pb_text][et_pb_text module_class=&#8221;zajecia_dodatkowe_info&#8221; _builder_version=&#8221;4.27.4&#8243; _module_preset=&#8221;default&#8221; text_font=&#8221;Oswald||||||||&#8221; text_font_size=&#8221;16px&#8221; ul_text_color=&#8221;#FFFFFF&#8221; ol_text_color=&#8221;#FFFFFF&#8221; header_4_font=&#8221;Oswald|600|||||||&#8221; header_4_text_color=&#8221;#EC673C&#8221; background_layout=&#8221;dark&#8221; custom_margin=&#8221;||||false|false&#8221; inline_fonts=&#8221;Montserrat,League Spartan&#8221; global_colors_info=&#8221;{}&#8221;]<\/p>\n<h4>DLA KOGO<\/h4>\n<p>dla wszystkich[\/et_pb_text][et_pb_text _builder_version=&#8221;4.27.4&#8243; _module_preset=&#8221;default&#8221; text_font=&#8221;Oswald||||||||&#8221; text_font_size=&#8221;16px&#8221; ul_text_color=&#8221;#FFFFFF&#8221; ol_text_color=&#8221;#FFFFFF&#8221; header_4_font=&#8221;Oswald|600|||||||&#8221; header_4_text_color=&#8221;#EC673C&#8221; background_layout=&#8221;dark&#8221; custom_margin=&#8221;||||false|false&#8221; hover_enabled=&#8221;0&#8243; inline_fonts=&#8221;Montserrat,League Spartan&#8221; global_colors_info=&#8221;{}&#8221; sticky_enabled=&#8221;0&#8243;]<\/p>\n<h4>WIEK<\/h4>\n<p>od 12 roku \u017cycia<\/p>\n<p>[\/et_pb_text][et_pb_text _builder_version=&#8221;4.27.4&#8243; _module_preset=&#8221;default&#8221; text_font=&#8221;Oswald||||||||&#8221; text_font_size=&#8221;16px&#8221; ul_text_color=&#8221;#FFFFFF&#8221; ol_text_color=&#8221;#FFFFFF&#8221; header_4_font=&#8221;Oswald|600|||||||&#8221; header_4_text_color=&#8221;#EC673C&#8221; background_layout=&#8221;dark&#8221; custom_margin=&#8221;||||false|false&#8221; inline_fonts=&#8221;Montserrat,League Spartan&#8221; global_colors_info=&#8221;{}&#8221;]<\/p>\n<h4>INTENSYWNO\u015a\u0106<\/h4>\n<p>wysoka[\/et_pb_text][et_pb_text _builder_version=&#8221;4.27.4&#8243; _module_preset=&#8221;default&#8221; text_font=&#8221;Oswald||||||||&#8221; text_font_size=&#8221;16px&#8221; ul_text_color=&#8221;#FFFFFF&#8221; ol_text_color=&#8221;#FFFFFF&#8221; header_4_font=&#8221;Oswald|600|||||||&#8221; header_4_text_color=&#8221;#EC673C&#8221; background_layout=&#8221;dark&#8221; custom_margin=&#8221;||||false|false&#8221; inline_fonts=&#8221;Montserrat,League Spartan&#8221; global_colors_info=&#8221;{}&#8221;]<\/p>\n<h4>Jak si\u0119 ubra\u0107<\/h4>\n<p>wygodny str\u00f3j, baletki, skarpetki lub na boso<\/p>\n<p>[\/et_pb_text][\/et_pb_column][\/et_pb_row][et_pb_row _builder_version=&#8221;4.23.4&#8243; _module_preset=&#8221;default&#8221; max_width=&#8221;2560px&#8221; global_colors_info=&#8221;{}&#8221;][et_pb_column type=&#8221;4_4&#8243; _builder_version=&#8221;4.23.4&#8243; _module_preset=&#8221;default&#8221; global_colors_info=&#8221;{}&#8221;][et_pb_text _builder_version=&#8221;4.27.2&#8243; _module_preset=&#8221;default&#8221; text_font=&#8221;Oswald||||||||&#8221; text_text_color=&#8221;#FFFFFF&#8221; text_font_size=&#8221;16px&#8221; header_2_font=&#8221;Oswald|700|||||||&#8221; header_2_text_color=&#8221;#EC673C&#8221; global_colors_info=&#8221;{}&#8221;]<\/p>\n<h2>Zapisz si\u0119 na zaj\u0119cia<\/h2>\n<p>[\/et_pb_text][et_pb_code _builder_version=&#8221;4.27.2&#8243; _module_preset=&#8221;default&#8221; global_colors_info=&#8221;{}&#8221;]<div class=\"kursy-container\">        <div class=\"kurs-item\"\n             data-kurs-id=\"3494\"\n             data-ceny=\"Pierwsze wej\u015bcie do szko\u0142y za FREE | 0 PLN,Wej\u015bcie jednorazowe | 50 PLN,Karnet na 4 wej\u015bcia | 28 dni | 160 PLN,Karnet na 8 wej\u015b\u0107 | 30 dni | 260 PLN,Karnet na 8 wej\u015b\u0107 | 56 dni | 280 PLN,Karnet na 12 wej\u015b\u0107 | 30 dni | 360 PLN,Karnet na 12 wej\u015b\u0107 | 90 dni | 380 PLN,Karnet OPEN | 3 wej\u015bcia dziennie | 30 dni | 400 PLN\">\n            <h3>Taniec Wsp\u00f3\u0142czesny \u015br. zaawans. | TYLKO KARNETY [SPEKTAKL 2026 &#8211; grupa zamkni\u0119ta]<\/h3>\n            <p><strong>Prowadz\u0105cy:<\/strong> Maciej Cierzniak<\/p>\n            <p><strong>Poziom:<\/strong> \u015arednio zaawansowany<\/p>\n                        <p><strong>Dodatkowe Informacje:<\/strong> niedziela, 11:00, Du\u017ca Sala<\/p>\n            <p><\/p>\n        <\/div>\n        <\/div>    <form id=\"zajecia_form\" method=\"post\" action=\"\" style=\"display:none;\">\n        <input type=\"hidden\" id=\"zajecia_form_nonce\" name=\"zajecia_form_nonce\" value=\"b074024d7f\" \/><input type=\"hidden\" name=\"_wp_http_referer\" value=\"\/katowice\/wp-json\/wp\/v2\/pages\/2847\" \/>        <input type=\"hidden\" name=\"kurs_id\" id=\"kurs_id\" value=\"\">\n        <div id=\"kurs_info\">\n            <label>Wybierz wariant:<\/label>\n            <div id=\"cena_options\"><\/div>\n\n            <label>Imi\u0119:<\/label><input type=\"text\" name=\"imie\" required><br>\n            <label>Nazwisko:<\/label><input type=\"text\" name=\"nazwisko\" required><br>\n            <label>Telefon:<\/label><input type=\"tel\" name=\"telefon\" required><br>\n            <label>E-mail:<\/label><input type=\"email\" name=\"email\" required><br>\n            <label>Miasto:<\/label><input type=\"text\" name=\"adres\" required><br>\n\n            <label>\n                <input type=\"checkbox\" name=\"polityka\" required>\n                Zapozna\u0142em si\u0119 z tre\u015bci\u0105 <a href=\"https:\/\/www.novaszkolatanca.pl\/katowice\/regulamin\/\"\n                   target=\"_blank\" rel=\"noopener\"\n                   style=\"color: rgba(236, 103, 60, 0.95);\">regulaminu szko\u0142y<\/a> i akceptuj\u0119 jego warunki. Uczestnictwo w zaj\u0119ciach jest r\u00f3wnoznaczne z jego akceptacj\u0105.\n            <\/label><br>\n\n            <label><input type=\"checkbox\" name=\"zgoda\">\n                Wyra\u017cam zgod\u0119 na przetwarzanie podanych w formularzu danych osobowych dla cel\u00f3w kontaktowych\/marketingowych.\n            <\/label><br>\n\n            <div class=\"submit-container\">\n                <input type=\"submit\" name=\"submit_zajecia_form\" value=\"Zapisz si\u0119\">\n            <\/div>\n        <\/div>\n    <\/form>\n\n    <script>\n    document.addEventListener('DOMContentLoaded', function () {\n      var kursItems = document.querySelectorAll('.kurs-item');\n      var cenaOptionsDiv = document.getElementById('cena_options');\n      var form = document.getElementById('zajecia_form');\n      var kursIdInput = document.getElementById('kurs_id');\n\n      kursItems.forEach(function (item) {\n        item.addEventListener('click', function () {\n          kursItems.forEach(function (el) { el.classList.remove('selected'); });\n          item.classList.add('selected');\n          form.style.display = 'block';\n\n          var kursId = item.getAttribute('data-kurs-id') || '';\n          kursIdInput.value = kursId;\n\n          var ceny = item.getAttribute('data-ceny') || '';\n          var cenyArray = ceny ? ceny.split(',') : [];\n          cenaOptionsDiv.innerHTML = '';\n\n          cenyArray.forEach(function (cena, index) {\n            var div = document.createElement('div');\n            div.style.width = '100%';\n            div.style.display = 'flex';\n            div.style.alignItems = 'flex-start';\n\n            var radio = document.createElement('input');\n            radio.type = 'radio';\n            radio.name = 'cena';\n            radio.value = cena;\n            radio.required = true;\n            radio.id = 'cena_' + index;\n\n            var label = document.createElement('label');\n            label.setAttribute('for', 'cena_' + index);\n\n            var parts = (cena || '').split('*');\n            var mainText = parts[0] || '';\n            var annotation = parts[1] ? ('*' + parts[1].trim()) : '';\n\n            label.textContent = mainText;\n            div.appendChild(radio);\n            div.appendChild(label);\n            cenaOptionsDiv.appendChild(div);\n\n            if (annotation) {\n              var annotationSpan = document.createElement('span');\n              annotationSpan.textContent = annotation;\n              annotationSpan.style.fontSize = '12px';\n              annotationSpan.style.display = 'block';\n              annotationSpan.style.marginLeft = '24px';\n              annotationSpan.style.color = 'rgba(236, 103, 60, 0.8)';\n              label.appendChild(annotationSpan);\n            }\n          });\n        });\n      });\n    });\n    <\/script>\n    [\/et_pb_code][\/et_pb_column][\/et_pb_row][\/et_pb_section]<\/p>\n","protected":false},"excerpt":{"rendered":"<p>Jazzowo<div class=\"subpages-menu\"><a href=\"https:\/\/www.novaszkolatanca.pl\/katowice\/zajecia\/jazzowo\/taniec-wspolczesny\/\" class=\"subpage-link active\">Taniec Wsp\u00f3\u0142czesny<\/a> <a href=\"https:\/\/www.novaszkolatanca.pl\/katowice\/zajecia\/jazzowo\/contemporary-jazz\/\" class=\"subpage-link \">Contemporary Jazz<\/a> <a href=\"https:\/\/www.novaszkolatanca.pl\/katowice\/zajecia\/jazzowo\/teatr-tanca-vivo\/\" class=\"subpage-link \">Teatr Ta\u0144ca Vivo<\/a> <a href=\"https:\/\/www.novaszkolatanca.pl\/katowice\/zajecia\/jazzowo\/balet\/\" class=\"subpage-link \">Balet<\/a> <\/div>Taniec Wsp\u00f3\u0142czesny Zaj\u0119cia Ta\u0144ca Wsp\u00f3\u0142czesnego skupiaj\u0105 si\u0119 na technice i \u015bwiadomej pracy ca\u0142ego cia\u0142a &#8211; ci\u0119\u017caru, oddechu, kierunku i kontroli. To styl, w kt\u00f3rym wa\u017cne s\u0105 jako\u015b\u0107 ruchu, zmiany dynamiki (mi\u0119kko\/twardo, szybko\/wolno) oraz to, jak ruch przechodzi przez cia\u0142o. Na zaj\u0119ciach pracujemy nad elementami technik wsp\u00f3\u0142czesnych: fall &amp; recovery (praca z grawitacj\u0105), kontrakcja i release, [&hellip;]<\/p>\n","protected":false},"author":1,"featured_media":0,"parent":2675,"menu_order":33,"comment_status":"closed","ping_status":"closed","template":"","meta":{"_et_pb_use_builder":"on","_et_pb_old_content":"","_et_gb_content_width":"","footnotes":""},"class_list":["post-2847","page","type-page","status-publish","hentry"],"_links":{"self":[{"href":"https:\/\/www.novaszkolatanca.pl\/katowice\/wp-json\/wp\/v2\/pages\/2847","targetHints":{"allow":["GET"]}}],"collection":[{"href":"https:\/\/www.novaszkolatanca.pl\/katowice\/wp-json\/wp\/v2\/pages"}],"about":[{"href":"https:\/\/www.novaszkolatanca.pl\/katowice\/wp-json\/wp\/v2\/types\/page"}],"author":[{"embeddable":true,"href":"https:\/\/www.novaszkolatanca.pl\/katowice\/wp-json\/wp\/v2\/users\/1"}],"replies":[{"embeddable":true,"href":"https:\/\/www.novaszkolatanca.pl\/katowice\/wp-json\/wp\/v2\/comments?post=2847"}],"version-history":[{"count":6,"href":"https:\/\/www.novaszkolatanca.pl\/katowice\/wp-json\/wp\/v2\/pages\/2847\/revisions"}],"predecessor-version":[{"id":3855,"href":"https:\/\/www.novaszkolatanca.pl\/katowice\/wp-json\/wp\/v2\/pages\/2847\/revisions\/3855"}],"up":[{"embeddable":true,"href":"https:\/\/www.novaszkolatanca.pl\/katowice\/wp-json\/wp\/v2\/pages\/2675"}],"wp:attachment":[{"href":"https:\/\/www.novaszkolatanca.pl\/katowice\/wp-json\/wp\/v2\/media?parent=2847"}],"curies":[{"name":"wp","href":"https:\/\/api.w.org\/{rel}","templated":true}]}}