{"id":2389,"date":"2024-06-28T06:50:22","date_gmt":"2024-06-28T06:50:22","guid":{"rendered":"https:\/\/www.novaszkolatanca.pl\/katowice\/?page_id=2389"},"modified":"2026-01-26T16:42:41","modified_gmt":"2026-01-26T16:42:41","slug":"o-nas","status":"publish","type":"page","link":"https:\/\/www.novaszkolatanca.pl\/katowice\/o-nas\/","title":{"rendered":"O nas"},"content":{"rendered":"<p>[et_pb_section fb_built=&#8221;1&#8243; _builder_version=&#8221;4.27.4&#8243; _module_preset=&#8221;default&#8221; background_color=&#8221;rgba(0,0,0,0.85)&#8221; background_image=&#8221;https:\/\/www.novaszkolatanca.pl\/katowice\/wp-content\/uploads\/2025\/12\/O_Nas_Header.webp&#8221; parallax=&#8221;on&#8221; background_blend=&#8221;overlay&#8221; custom_padding=&#8221;0px||0px|0px|false|false&#8221; global_colors_info=&#8221;{}&#8221;][et_pb_row _builder_version=&#8221;4.23.4&#8243; _module_preset=&#8221;default&#8221; background_color=&#8221;rgba(0,0,0,0.88)&#8221; width=&#8221;100%&#8221; max_width=&#8221;2560px&#8221; module_alignment=&#8221;left&#8221; custom_padding=&#8221;40px||0px|10%|false|false&#8221; global_colors_info=&#8221;{}&#8221;][et_pb_column type=&#8221;4_4&#8243; _builder_version=&#8221;4.23.4&#8243; _module_preset=&#8221;default&#8221; custom_css_main_element=&#8221;display: flex;||||    align-items: center; \/* Wy\u015brodkowanie pionowe *\/||    flex-wrap: wrap;||&#8221; global_colors_info=&#8221;{}&#8221;][et_pb_social_media_follow icon_color=&#8221;#FFFFFF&#8221; use_icon_font_size=&#8221;on&#8221; icon_font_size=&#8221;18px&#8221; disabled_on=&#8221;on|on|off&#8221; admin_label=&#8221;Przyciski spo\u0142eczno\u015bciowe&#8221; _builder_version=&#8221;4.27.4&#8243; _module_preset=&#8221;default&#8221; text_orientation=&#8221;left&#8221; height=&#8221;100%&#8221; custom_margin=&#8221;0px||||false|false&#8221; custom_margin_tablet=&#8221;50px||||false|false&#8221; custom_margin_phone=&#8221;0px||||false|false&#8221; custom_margin_last_edited=&#8221;off|desktop&#8221; custom_padding=&#8221;80px||80px||false|false&#8221; custom_padding_tablet=&#8221;80px||80px||false|false&#8221; custom_padding_phone=&#8221;20px||0px||false|false&#8221; custom_padding_last_edited=&#8221;on|phone&#8221; custom_css_before=&#8221;    content: &#8221;;||    width: 1px;||    height: 69px;||    border-top: 69px solid #fff;||    position: absolute;||    top: -0;||    left: 50%;&#8221; custom_css_main_element=&#8221;display:inline-block;||width:40px;||float:left;||&#8221; custom_css_after=&#8221;    content: &#8221;;||    width: 1px;||    height: 69px;||    border-bottom: 69px solid #fff;||    position: absolute;||    left: 50%;||bottom: 0;||visibility: visible;&#8221; border_radii=&#8221;on|100px|100px|100px|100px&#8221; global_colors_info=&#8221;{}&#8221; custom_css_main_element_last_edited=&#8221;on|phone&#8221; custom_css_main_element_phone=&#8221;display:block;||width:100% !important;&#8221; custom_css_main_element_tablet=&#8221;display:inline-block;||width:40px;||float:left;&#8221; custom_css_before_last_edited=&#8221;on|phone&#8221; custom_css_before_phone=&#8221;display:none;&#8221; custom_css_after_last_edited=&#8221;on|phone&#8221; custom_css_after_phone=&#8221;display:none;&#8221; custom_css_before_tablet=&#8221;    content: &#8221;;||    width: 1px;||    height: 69px;||    border-top: 69px solid #fff;||    position: absolute;||    top: -0;||    left: 50%;&#8221; custom_css_after_tablet=&#8221;    content: &#8221;;||    width: 1px;||    height: 69px;||    border-bottom: 69px solid #fff;||    position: absolute;||    left: 50%;||bottom: 0;||visibility: visible;&#8221;][et_pb_social_media_follow_network social_network=&#8221;facebook&#8221; url=&#8221;https:\/\/www.facebook.com\/novaszkolatanca.katowice&#8221; _builder_version=&#8221;4.27.4&#8243; _module_preset=&#8221;default&#8221; background_color=&#8221;#EC673C&#8221; background_enable_color=&#8221;on&#8221; global_colors_info=&#8221;{}&#8221; follow_button=&#8221;off&#8221; url_new_window=&#8221;on&#8221;]facebook[\/et_pb_social_media_follow_network][et_pb_social_media_follow_network social_network=&#8221;instagram&#8221; url=&#8221;http:\/\/instagram.com\/novaszkolatancakatowice\/&#8221; _builder_version=&#8221;4.27.4&#8243; _module_preset=&#8221;default&#8221; background_color=&#8221;#EC673C&#8221; background_enable_color=&#8221;on&#8221; global_colors_info=&#8221;{}&#8221; follow_button=&#8221;off&#8221; url_new_window=&#8221;on&#8221;]instagram[\/et_pb_social_media_follow_network][et_pb_social_media_follow_network social_network=&#8221;youtube&#8221; url=&#8221;https:\/\/www.youtube.com\/@novaszkolatancakatowice&#8221; _builder_version=&#8221;4.27.4&#8243; _module_preset=&#8221;default&#8221; background_color=&#8221;#EC673C&#8221; background_enable_color=&#8221;on&#8221; border_radii=&#8221;on|100px|100px|100px|100px&#8221; global_colors_info=&#8221;{}&#8221; follow_button=&#8221;off&#8221; url_new_window=&#8221;on&#8221;]youtube[\/et_pb_social_media_follow_network][\/et_pb_social_media_follow][et_pb_text _builder_version=&#8221;4.27.4&#8243; _module_preset=&#8221;default&#8221; text_font=&#8221;Inter||||||||&#8221; text_text_color=&#8221;#FFFFFF&#8221; text_font_size=&#8221;18px&#8221; text_line_height=&#8221;1.6em&#8221; header_font=&#8221;Oswald|700||on|||||&#8221; header_text_color=&#8221;#FFFFFF&#8221; header_font_size=&#8221;85px&#8221; header_line_height=&#8221;1.2em&#8221; header_3_font=&#8221;Oswald||||||||&#8221; header_3_text_color=&#8221;#851b39&#8243; header_3_font_size=&#8221;70px&#8221; use_background_color_gradient=&#8221;on&#8221; background_color_gradient_direction=&#8221;90deg&#8221; background_color_gradient_stops=&#8221;rgba(236,103,60,0.52) 12%|rgba(163,2,50,0) 93%&#8221; width_tablet=&#8221;&#8221; width_phone=&#8221;95%&#8221; width_last_edited=&#8221;on|phone&#8221; custom_margin=&#8221;-5px||30px|18px|false|false&#8221; custom_margin_tablet=&#8221;||30px|18px|false|false&#8221; custom_margin_phone=&#8221;20px||30px|0px|false|false&#8221; custom_margin_last_edited=&#8221;on|phone&#8221; custom_padding=&#8221;20px||30px|20px|false|false&#8221; animation_style=&#8221;slide&#8221; animation_direction=&#8221;right&#8221; animation_intensity_slide=&#8221;5%&#8221; header_font_size_tablet=&#8221;80px&#8221; header_font_size_phone=&#8221;50px&#8221; header_font_size_last_edited=&#8221;on|phone&#8221; header_3_font_size_tablet=&#8221;60px&#8221; header_3_font_size_phone=&#8221;40px&#8221; header_3_font_size_last_edited=&#8221;on|tablet&#8221; custom_css_main_element=&#8221;font-weight:400;||display:inline-block;||width:50%;||&#8221; global_colors_info=&#8221;{}&#8221; custom_css_main_element_last_edited=&#8221;on|phone&#8221; custom_css_main_element_phone=&#8221;width:95% !important;&#8221; custom_css_main_element_tablet=&#8221;font-weight:400;||display:inline-block;||width:90%;&#8221;]<\/p>\n<h1>O nas<\/h1>\n<p>[\/et_pb_text][\/et_pb_column][\/et_pb_row][\/et_pb_section][et_pb_section fb_built=&#8221;1&#8243; _builder_version=&#8221;4.23.4&#8243; _module_preset=&#8221;default&#8221; background_image=&#8221;https:\/\/www.novaszkolatanca.pl\/katowice\/wp-content\/uploads\/2024\/03\/dance-bg-scaled-1.jpg&#8221; global_colors_info=&#8221;{}&#8221;][et_pb_row _builder_version=&#8221;4.27.4&#8243; _module_preset=&#8221;default&#8221; max_width=&#8221;2560px&#8221; global_colors_info=&#8221;{}&#8221;][et_pb_column type=&#8221;4_4&#8243; _builder_version=&#8221;4.27.4&#8243; _module_preset=&#8221;default&#8221; global_colors_info=&#8221;{}&#8221;][et_pb_text _builder_version=&#8221;4.27.4&#8243; _module_preset=&#8221;default&#8221; text_font=&#8221;Montserrat||||||||&#8221; text_text_color=&#8221;#FFFFFF&#8221; global_colors_info=&#8221;{}&#8221;]<\/p>\n<p><span style=\"font-size: large;\">Nova Szko\u0142a Ta\u0144ca w Katowicach to miejsce, gdzie pasja do ta\u0144ca spotyka si\u0119 z profesjonalizmem i rodzinn\u0105 atmosfer\u0105. Od 21 lat rozwijamy si\u0119 dynamicznie, dzi\u0119ki kreatywnym pomys\u0142om naszych za\u0142o\u017cycieli oraz wysokim umiej\u0119tno\u015bciom instruktor\u00f3w, kt\u00f3rzy zara\u017caj\u0105 mi\u0142o\u015bci\u0105 do ta\u0144ca i dziel\u0105 si\u0119 swoim do\u015bwiadczeniem. Od 2005 roku dzia\u0142amy w Katowicach, gdzie stworzyli\u015bmy wyj\u0105tkow\u0105 przestrze\u0144 dla tancerzy w ka\u017cdym wieku i na ka\u017cdym poziomie zaawansowania.<\/span><\/p>\n<p>[\/et_pb_text][\/et_pb_column][\/et_pb_row][et_pb_row column_structure=&#8221;1_2,1_2&#8243; _builder_version=&#8221;4.27.4&#8243; _module_preset=&#8221;default&#8221; max_width=&#8221;2560px&#8221; global_colors_info=&#8221;{}&#8221; custom_padding=&#8221;0px|||||&#8221;][et_pb_column type=&#8221;1_2&#8243; _builder_version=&#8221;4.27.4&#8243; _module_preset=&#8221;default&#8221; global_colors_info=&#8221;{}&#8221;][et_pb_text _builder_version=&#8221;4.27.4&#8243; _module_preset=&#8221;default&#8221; text_font=&#8221;Montserrat||||||||&#8221; text_text_color=&#8221;#FFFFFF&#8221; global_colors_info=&#8221;{}&#8221; min_height=&#8221;501.2px&#8221;]<\/p>\n<p>Oferujemy szeroki wyb\u00f3r zaj\u0119\u0107 dla dzieci, m\u0142odzie\u017cy, doros\u0142ych oraz senior\u00f3w. Nasza oferta obejmuje zar\u00f3wno techniki klasyczne, jak taniec towarzyski, tango czy flamenco, jak i nowoczesne style, takie jak taniec wsp\u00f3\u0142czesny, jazz, dancehall i wiele innych. Organizujemy tak\u017ce specjalistyczne warsztaty z instruktorami z ca\u0142ej Polski oraz zza granicy, co pozwala naszym uczniom na zdobywanie nowych umiej\u0119tno\u015bci i rozwijanie swoich talent\u00f3w.<\/p>\n<p>W Novej cenimy sobie lu\u017an\u0105, przyjazn\u0105 atmosfer\u0119, w kt\u00f3rej ka\u017cdy mo\u017ce czu\u0107 si\u0119 swobodnie. Niezale\u017cnie od tego, czy marzysz o karierze na scenie, czy po prostu chcesz czerpa\u0107 rado\u015b\u0107 z ruchu i wyra\u017cania siebie, nasza szko\u0142a jest miejscem, gdzie ka\u017cdy znajdzie co\u015b dla siebie. Nasz\u0105 misj\u0105 jest wspieranie uczni\u00f3w w odkrywaniu ich mo\u017cliwo\u015bci i pomaganie im w pe\u0142ni rozwija\u0107 swoje pasje.<\/p>\n<p>Nasza szko\u0142a dysponuje dwoma przestronnymi, klimatyzowanymi i wentylowanymi salami tanecznymi o \u0142\u0105cznej powierzchni 200 m\u00b2. Sale s\u0105 wyposa\u017cone w lustra, profesjonalny parkiet oraz nowoczesny sprz\u0119t, co zapewnia komfortowe warunki do nauki ta\u0144ca. Wszystko to znajduje si\u0119 w samym sercu Katowic, co czyni nasz\u0105 lokalizacj\u0119 idealn\u0105 dla ka\u017cdego, kto chce rozpocz\u0105\u0107 swoj\u0105 taneczn\u0105 przygod\u0119.<\/p>\n<p>Dba\u0142o\u015b\u0107 o komfort naszych uczni\u00f3w, wysoka jako\u015b\u0107 us\u0142ug oraz indywidualne podej\u015bcie do ka\u017cdego klienta to cechy, kt\u00f3re wyr\u00f3\u017cniaj\u0105 nasz\u0105 szko\u0142\u0119 na tle konkurencji.<\/p>\n<p>[\/et_pb_text][\/et_pb_column][et_pb_column type=&#8221;1_2&#8243; _builder_version=&#8221;4.27.4&#8243; _module_preset=&#8221;default&#8221; global_colors_info=&#8221;{}&#8221;][et_pb_image src=&#8221;https:\/\/www.novaszkolatanca.pl\/katowice\/wp-content\/uploads\/2025\/12\/my-na-strone.webp&#8221; title_text=&#8221;my na strone&#8221; _builder_version=&#8221;4.27.4&#8243; _module_preset=&#8221;default&#8221; global_colors_info=&#8221;{}&#8221;][\/et_pb_image][\/et_pb_column][\/et_pb_row][\/et_pb_section][et_pb_section fb_built=&#8221;1&#8243; custom_padding_last_edited=&#8221;on|phone&#8221; _builder_version=&#8221;4.27.4&#8243; _module_preset=&#8221;default&#8221; background_color=&#8221;rgba(0,0,0,0.8)&#8221; background_image=&#8221;https:\/\/www.novaszkolatanca.pl\/katowice\/wp-content\/uploads\/2025\/11\/cta-global.webp&#8221; background_position=&#8221;top_center&#8221; background_vertical_offset=&#8221;100%&#8221; background_blend=&#8221;multiply&#8221; custom_margin=&#8221;-1px||||false|false&#8221; custom_padding=&#8221;100px||100px||true|false&#8221; custom_padding_tablet=&#8221;100px||100px||true|false&#8221; custom_padding_phone=&#8221;80px||80px||true|false&#8221; global_module=&#8221;3178&#8243; saved_tabs=&#8221;all&#8221; locked=&#8221;off&#8221; global_colors_info=&#8221;{}&#8221;][et_pb_row _builder_version=&#8221;4.27.4&#8243; _module_preset=&#8221;default&#8221; width=&#8221;60%&#8221; width_tablet=&#8221;&#8221; width_phone=&#8221;90%&#8221; width_last_edited=&#8221;on|phone&#8221; max_width=&#8221;2560px&#8221; custom_padding=&#8221;0px||0px||true|false&#8221; animation_style=&#8221;slide&#8221; animation_direction=&#8221;bottom&#8221; animation_duration=&#8221;1200ms&#8221; animation_intensity_slide=&#8221;5%&#8221; global_colors_info=&#8221;{}&#8221;][et_pb_column type=&#8221;4_4&#8243; _builder_version=&#8221;4.19.0&#8243; _module_preset=&#8221;default&#8221; custom_css_main_element=&#8221;display:flex;||justify-content:center;||flex-wrap:wrap;&#8221; global_colors_info=&#8221;{}&#8221;][et_pb_text _builder_version=&#8221;4.27.4&#8243; _module_preset=&#8221;default&#8221; text_font=&#8221;Oswald|700|||||||&#8221; text_text_color=&#8221;#FFFFFF&#8221; text_font_size=&#8221;25px&#8221; text_line_height=&#8221;1.3em&#8221; header_font=&#8221;Oswald|700|||||||&#8221; header_text_color=&#8221;#FFFFFF&#8221; header_font_size=&#8221;85px&#8221; header_line_height=&#8221;1.2em&#8221; header_2_font=&#8221;Oswald|700|||||||&#8221; header_2_text_align=&#8221;right&#8221; header_2_text_color=&#8221;#FFFFFF&#8221; header_2_font_size=&#8221;60px&#8221; header_2_line_height=&#8221;1.2em&#8221; header_3_font=&#8221;Oswald||||||||&#8221; header_3_text_align=&#8221;right&#8221; header_3_text_color=&#8221;#851b39&#8243; header_3_font_size=&#8221;70px&#8221; header_4_font=&#8221;Oswald||||||||&#8221; header_4_text_align=&#8221;right&#8221; header_4_text_color=&#8221;#FFFFFF&#8221; header_4_font_size=&#8221;20px&#8221; header_4_letter_spacing=&#8221;1px&#8221; header_4_line_height=&#8221;1.3em&#8221; background_color=&#8221;#EC673C&#8221; text_orientation=&#8221;right&#8221; width_phone=&#8221;95%&#8221; width_last_edited=&#8221;off|desktop&#8221; custom_margin=&#8221;||10px|0px|false|false&#8221; custom_margin_tablet=&#8221;||30px|18px|false|false&#8221; custom_margin_phone=&#8221;20px||30px|0px|false|false&#8221; custom_margin_last_edited=&#8221;off|desktop&#8221; custom_padding=&#8221;6px|20px|8px|20px|false|false&#8221; custom_padding_last_edited=&#8221;off|desktop&#8221; header_font_size_tablet=&#8221;80px&#8221; header_font_size_phone=&#8221;60px&#8221; header_font_size_last_edited=&#8221;on|phone&#8221; header_3_font_size_tablet=&#8221;60px&#8221; header_3_font_size_phone=&#8221;40px&#8221; header_3_font_size_last_edited=&#8221;on|tablet&#8221; custom_css_main_element=&#8221;width: fit-content;||text-align:right;&#8221; border_radii=&#8221;off|100px|100px|100px|100px&#8221; locked=&#8221;off&#8221; global_colors_info=&#8221;{}&#8221; custom_css_main_element_last_edited=&#8221;off|desktop&#8221; custom_css_main_element_phone=&#8221;width:95% !important;&#8221; custom_css_main_element_tablet=&#8221;font-weight:400;||display:inline-block;||width:90%;&#8221;]<\/p>\n<h4 style=\"padding-bottom: 0;\">Do\u0142\u0105cz do nas!<\/h4>\n<p>[\/et_pb_text][et_pb_text _builder_version=&#8221;4.27.4&#8243; _module_preset=&#8221;default&#8221; text_font=&#8221;Oswald|700|||||||&#8221; text_text_color=&#8221;#FFFFFF&#8221; text_font_size=&#8221;25px&#8221; text_line_height=&#8221;1.3em&#8221; header_font=&#8221;Montserrat|700|||||||&#8221; header_text_color=&#8221;#ec673c&#8221; header_font_size=&#8221;85px&#8221; header_line_height=&#8221;1.2em&#8221; header_2_font=&#8221;League Spartan|700|||||||&#8221; header_2_text_align=&#8221;center&#8221; header_2_text_color=&#8221;#FFFFFF&#8221; header_2_font_size=&#8221;60px&#8221; header_2_line_height=&#8221;1.2em&#8221; header_3_font=&#8221;League Spartan||||||||&#8221; header_3_text_color=&#8221;#851b39&#8243; header_3_font_size=&#8221;70px&#8221; width=&#8221;100%&#8221; width_phone=&#8221;95%&#8221; width_last_edited=&#8221;off|desktop&#8221; max_width=&#8221;100%&#8221; custom_margin=&#8221;||0px|0px|false|false&#8221; custom_margin_tablet=&#8221;||30px|18px|false|false&#8221; custom_margin_phone=&#8221;20px||30px|0px|false|false&#8221; custom_margin_last_edited=&#8221;off|desktop&#8221; custom_padding=&#8221;0px||0px|0px|false|false&#8221; custom_padding_last_edited=&#8221;off|desktop&#8221; text_font_size_tablet=&#8221;25px&#8221; text_font_size_phone=&#8221;20px&#8221; text_font_size_last_edited=&#8221;on|phone&#8221; header_font_size_tablet=&#8221;80px&#8221; header_font_size_phone=&#8221;60px&#8221; header_font_size_last_edited=&#8221;on|phone&#8221; header_2_font_size_tablet=&#8221;60px&#8221; header_2_font_size_phone=&#8221;40px&#8221; header_2_font_size_last_edited=&#8221;on|phone&#8221; header_3_font_size_tablet=&#8221;60px&#8221; header_3_font_size_phone=&#8221;40px&#8221; header_3_font_size_last_edited=&#8221;on|tablet&#8221; custom_css_main_element=&#8221;width:100% !important;&#8221; locked=&#8221;off&#8221; global_colors_info=&#8221;{}&#8221; custom_css_main_element_last_edited=&#8221;off|desktop&#8221; custom_css_main_element_phone=&#8221;width:95% !important;&#8221; custom_css_main_element_tablet=&#8221;font-weight:400;||display:inline-block;||width:90%;&#8221;]<\/p>\n<h2>Ta\u0144cz z nami i zadbaj o form\u0119.<br \/>\n<span style=\"color: #ec673c;\"> Spotkajmy si\u0119 razem na zaj\u0119ciach!<\/span><\/h2>\n<p>[\/et_pb_text][et_pb_text _builder_version=&#8221;4.27.4&#8243; _module_preset=&#8221;default&#8221; text_font=&#8221;Inter||||||||&#8221; text_text_color=&#8221;#aaaaaa&#8221; text_font_size=&#8221;16px&#8221; text_line_height=&#8221;1.6em&#8221; header_font=&#8221;Oswald|700|||||||&#8221; header_text_color=&#8221;#FFFFFF&#8221; header_font_size=&#8221;85px&#8221; header_line_height=&#8221;1.2em&#8221; header_3_font=&#8221;Oswald||||||||&#8221; header_3_text_color=&#8221;#851b39&#8243; header_3_font_size=&#8221;70px&#8221; text_orientation=&#8221;center&#8221; width=&#8221;100%&#8221; width_phone=&#8221;95%&#8221; width_last_edited=&#8221;off|desktop&#8221; max_width_tablet=&#8221;87%&#8221; max_width_phone=&#8221;100%&#8221; max_width_last_edited=&#8221;off|desktop&#8221; module_alignment=&#8221;center&#8221; custom_margin=&#8221;10px||20px|0px|false|false&#8221; custom_margin_tablet=&#8221;||30px|18px|false|false&#8221; custom_margin_phone=&#8221;20px||30px|0px|false|false&#8221; custom_margin_last_edited=&#8221;off|desktop&#8221; custom_padding=&#8221;0px||0px|0px|false|false&#8221; header_font_size_tablet=&#8221;80px&#8221; header_font_size_phone=&#8221;60px&#8221; header_font_size_last_edited=&#8221;on|phone&#8221; header_3_font_size_tablet=&#8221;60px&#8221; header_3_font_size_phone=&#8221;40px&#8221; header_3_font_size_last_edited=&#8221;on|tablet&#8221; locked=&#8221;off&#8221; global_colors_info=&#8221;{}&#8221; custom_css_main_element_last_edited=&#8221;off|desktop&#8221; custom_css_main_element_phone=&#8221;width:95% !important;&#8221; custom_css_main_element_tablet=&#8221;font-weight:400;||display:inline-block;||width:90%;&#8221;]Je\u015bli chcesz spr\u00f3bowa\u0107, napisz do nas \u2014 doradzimy poziom i grup\u0119, odpowiemy na pytania i um\u00f3wimy pierwsze zaj\u0119cia. W naszej szkole czekaj\u0105 przyjazna atmosfera, do\u015bwiadczeni instruktorzy i r\u00f3\u017cne style dla pocz\u0105tkuj\u0105cych oraz zaawansowanych. Zostaw wiadomo\u015b\u0107, a szybko wr\u00f3cimy z propozycj\u0105 terminu.[\/et_pb_text][et_pb_button button_url=&#8221;https:\/\/www.novaszkolatanca.pl\/katowice\/kontakt\/&#8221; button_text=&#8221;Kontakt&#8221; button_alignment=&#8221;left&#8221; disabled_on=&#8221;off|off|off&#8221; _builder_version=&#8221;4.27.4&#8243; _module_preset=&#8221;default&#8221; custom_button=&#8221;on&#8221; button_text_size=&#8221;18px&#8221; button_text_color=&#8221;#FFFFFF&#8221; button_bg_color=&#8221;RGBA(255,255,255,0)&#8221; button_border_width=&#8221;2px&#8221; button_border_color=&#8221;#EC673C&#8221; button_border_radius=&#8221;100px&#8221; button_letter_spacing=&#8221;1px&#8221; button_font=&#8221;Oswald|300||on|||||&#8221; custom_margin=&#8221;||0px|0px|false|false&#8221; custom_margin_tablet=&#8221;|||20px|false|false&#8221; custom_margin_phone=&#8221;|||10px|false|false&#8221; custom_margin_last_edited=&#8221;off|desktop&#8221; custom_padding=&#8221;10px|30px|10px|30px|true|true&#8221; custom_padding_tablet=&#8221;10px|30px|10px|30px|true|true&#8221; custom_padding_phone=&#8221;10px|25px|10px|25px|true|true&#8221; custom_padding_last_edited=&#8221;off|desktop&#8221; button_text_size_tablet=&#8221;18px&#8221; button_text_size_phone=&#8221;16px&#8221; button_text_size_last_edited=&#8221;on|phone&#8221; custom_css_before=&#8221;position: absolute;||    content: &#8221;;||    width: 0%;||    height: 100%;||    left: 0;||    top: 0;||    -webkit-transition: 0.5s all ease;||    transition: 0.5s all ease;||    border-radius: inherit;||    z-index: -1;||display:block !important;||opacity:1;||background-color:#132B47;||margin-left:0 !important;&#8221; custom_css_main_element=&#8221;position: relative;||    overflow: hidden;||    z-index: 0;||    transition: 0.5s all ease;&#8221; custom_css_after=&#8221;position: absolute;||    content: &#8221;;||    width: 0%;||    height: 100%;||    right: 0;||    top: 0;||    -webkit-transition: 0.5s all ease;||    transition: 0.5s all ease;||    border-radius: inherit;||    z-index: -1;||    opacity: .40;||background-color:#132B47;&#8221; locked=&#8221;off&#8221; global_colors_info=&#8221;{}&#8221; custom_css_before__hover_enabled=&#8221;on|hover&#8221; custom_css_before__hover=&#8221;width: 100%;&#8221; custom_css_after__hover_enabled=&#8221;on|hover&#8221; custom_css_after__hover=&#8221;width: 100%;&#8221; button_border_color__hover_enabled=&#8221;on|hover&#8221; button_border_color__hover=&#8221;#132b47&#8243;][\/et_pb_button][et_pb_code _builder_version=&#8221;4.19.0&#8243; _module_preset=&#8221;default&#8221; global_colors_info=&#8221;{}&#8221;]<\/p>\n<style><!-- [et_pb_line_break_holder] -->.pricing {<!-- [et_pb_line_break_holder] -->    font-size: 25px;<!-- [et_pb_line_break_holder] -->    display: inline-block;<!-- [et_pb_line_break_holder] -->    font-weight: 700;<!-- [et_pb_line_break_holder] -->    line-height: .99;<!-- [et_pb_line_break_holder] -->}<!-- [et_pb_line_break_holder] -->.pricing small {<!-- [et_pb_line_break_holder] -->    font-size: 18px;<!-- [et_pb_line_break_holder] -->    font-weight: 400;<!-- [et_pb_line_break_holder] -->}<!-- [et_pb_line_break_holder] --><\/style>\n<p>[\/et_pb_code][\/et_pb_column][\/et_pb_row][\/et_pb_section]<\/p>\n","protected":false},"excerpt":{"rendered":"<p>O nasNova Szko\u0142a Ta\u0144ca w Katowicach to miejsce, gdzie pasja do ta\u0144ca spotyka si\u0119 z profesjonalizmem i rodzinn\u0105 atmosfer\u0105. Od 21 lat rozwijamy si\u0119 dynamicznie, dzi\u0119ki kreatywnym pomys\u0142om naszych za\u0142o\u017cycieli oraz wysokim umiej\u0119tno\u015bciom instruktor\u00f3w, kt\u00f3rzy zara\u017caj\u0105 mi\u0142o\u015bci\u0105 do ta\u0144ca i dziel\u0105 si\u0119 swoim do\u015bwiadczeniem. Od 2005 roku dzia\u0142amy w Katowicach, gdzie stworzyli\u015bmy wyj\u0105tkow\u0105 przestrze\u0144 dla [&hellip;]<\/p>\n","protected":false},"author":1,"featured_media":0,"parent":0,"menu_order":7,"comment_status":"closed","ping_status":"closed","template":"","meta":{"_et_pb_use_builder":"on","_et_pb_old_content":"","_et_gb_content_width":"","footnotes":""},"class_list":["post-2389","page","type-page","status-publish","hentry"],"_links":{"self":[{"href":"https:\/\/www.novaszkolatanca.pl\/katowice\/wp-json\/wp\/v2\/pages\/2389","targetHints":{"allow":["GET"]}}],"collection":[{"href":"https:\/\/www.novaszkolatanca.pl\/katowice\/wp-json\/wp\/v2\/pages"}],"about":[{"href":"https:\/\/www.novaszkolatanca.pl\/katowice\/wp-json\/wp\/v2\/types\/page"}],"author":[{"embeddable":true,"href":"https:\/\/www.novaszkolatanca.pl\/katowice\/wp-json\/wp\/v2\/users\/1"}],"replies":[{"embeddable":true,"href":"https:\/\/www.novaszkolatanca.pl\/katowice\/wp-json\/wp\/v2\/comments?post=2389"}],"version-history":[{"count":9,"href":"https:\/\/www.novaszkolatanca.pl\/katowice\/wp-json\/wp\/v2\/pages\/2389\/revisions"}],"predecessor-version":[{"id":3929,"href":"https:\/\/www.novaszkolatanca.pl\/katowice\/wp-json\/wp\/v2\/pages\/2389\/revisions\/3929"}],"wp:attachment":[{"href":"https:\/\/www.novaszkolatanca.pl\/katowice\/wp-json\/wp\/v2\/media?parent=2389"}],"curies":[{"name":"wp","href":"https:\/\/api.w.org\/{rel}","templated":true}]}}